{"id":319,"date":"2025-07-14T14:46:01","date_gmt":"2025-07-14T14:46:01","guid":{"rendered":"https:\/\/komixchemical.com\/?page_id=319"},"modified":"2025-10-14T12:46:18","modified_gmt":"2025-10-14T12:46:18","slug":"application","status":"publish","type":"page","link":"https:\/\/komixchemical.com\/es\/application\/","title":{"rendered":"Aplicaci\u00f3n"},"content":{"rendered":"<div data-elementor-type=\"wp-page\" data-elementor-id=\"319\" class=\"elementor elementor-319\" data-elementor-post-type=\"page\">\n\t\t\t\t<div class=\"elementor-element elementor-element-cbf23ed e-flex e-con-boxed e-con e-parent\" data-id=\"cbf23ed\" data-element_type=\"container\" data-settings=\"{&quot;background_background&quot;:&quot;classic&quot;}\">\n\t\t\t\t\t<div class=\"e-con-inner\">\n\t\t<div class=\"elementor-element elementor-element-97cec93 e-con-full e-flex e-con e-child\" data-id=\"97cec93\" data-element_type=\"container\">\n\t\t\t\t<div class=\"elementor-element elementor-element-67fc7c7 elementor-invisible elementor-widget elementor-widget-heading\" data-id=\"67fc7c7\" data-element_type=\"widget\" data-settings=\"{&quot;_animation&quot;:&quot;fadeInUp&quot;,&quot;_animation_delay&quot;:200}\" data-widget_type=\"heading.default\">\n\t\t\t\t\t<h1 class=\"elementor-heading-title elementor-size-default\">Aplicaciones de KOMIX H\u2082S Scavengers<\/h1>\t\t\t\t<\/div>\n\t\t\t\t<div class=\"elementor-element elementor-element-3589618 elementor-invisible elementor-widget elementor-widget-heading\" data-id=\"3589618\" data-element_type=\"widget\" data-settings=\"{&quot;_animation&quot;:&quot;fadeInUp&quot;,&quot;_animation_delay&quot;:300}\" data-widget_type=\"heading.default\">\n\t\t\t\t\t<h4 class=\"elementor-heading-title elementor-size-default\">Los aditivos qu\u00edmicos KOMIX est\u00e1n dise\u00f1ados para proteger las operaciones de la industria del petr\u00f3leo y el gas. Desde la perforaci\u00f3n aguas arriba hasta el almacenamiento aguas abajo, nuestros secuestrantes de H\u2082S ofrecen un rendimiento fiable, seguridad y cumplimiento.<\/h4>\t\t\t\t<\/div>\n\t\t\t\t<\/div>\n\t\t\t\t\t<\/div>\n\t\t\t\t<\/div>\n\t\t<div class=\"elementor-element elementor-element-6ff224b e-flex e-con-boxed e-con e-parent\" data-id=\"6ff224b\" data-element_type=\"container\">\n\t\t\t\t\t<div class=\"e-con-inner\">\n\t\t<div class=\"elementor-element elementor-element-ee3ab07 e-con-full e-flex e-con e-child\" data-id=\"ee3ab07\" data-element_type=\"container\">\n\t\t\t\t<div class=\"elementor-element elementor-element-f05f8ed elementor-widget elementor-widget-image\" data-id=\"f05f8ed\" data-element_type=\"widget\" data-widget_type=\"image.default\">\n\t\t\t\t\t\t\t\t\t\t\t\t\t\t\t<img fetchpriority=\"high\" decoding=\"async\" width=\"800\" height=\"533\" src=\"https:\/\/komixchemical.com\/wp-content\/uploads\/2025\/10\/traditional-windmill-field-against-sky.jpg\" class=\"attachment-large size-large wp-image-1285\" alt=\"\" srcset=\"https:\/\/komixchemical.com\/wp-content\/uploads\/2025\/10\/traditional-windmill-field-against-sky.jpg 800w, https:\/\/komixchemical.com\/wp-content\/uploads\/2025\/10\/traditional-windmill-field-against-sky-300x200.jpg 300w, https:\/\/komixchemical.com\/wp-content\/uploads\/2025\/10\/traditional-windmill-field-against-sky-768x512.jpg 768w\" sizes=\"(max-width: 800px) 100vw, 800px\" \/>\t\t\t\t\t\t\t\t\t\t\t\t\t\t\t<\/div>\n\t\t\t\t<\/div>\n\t\t<div class=\"elementor-element elementor-element-c6da8a6 e-con-full e-flex e-con e-child\" data-id=\"c6da8a6\" data-element_type=\"container\">\n\t\t\t\t<div class=\"elementor-element elementor-element-b94b08d elementor-widget elementor-widget-heading\" data-id=\"b94b08d\" data-element_type=\"widget\" data-widget_type=\"heading.default\">\n\t\t\t\t\t<h3 class=\"elementor-heading-title elementor-size-default\">Aplicaciones de petr\u00f3leo crudo: manipulaci\u00f3n segura y procesamiento eficaz<\/h3>\t\t\t\t<\/div>\n\t\t\t\t<div class=\"elementor-element elementor-element-7f2249e elementor-widget elementor-widget-text-editor\" data-id=\"7f2249e\" data-element_type=\"widget\" data-widget_type=\"text-editor.default\">\n\t\t\t\t\t\t\t\t\tLos secuestrantes KOMIX ayudan a reducir los niveles de H\u2082S en el petr\u00f3leo crudo, garantizando una manipulaci\u00f3n, un transporte y un refinado m\u00e1s seguros. Nuestras soluciones protegen los equipos, mejoran la seguridad de los trabajadores y contribuyen al cumplimiento de la normativa medioambiental.\t\t\t\t\t\t\t\t<\/div>\n\t\t\t\t<div class=\"elementor-element elementor-element-1631495 elementor-align-left elementor-mobile-align-center elementor-tablet-align-center elementor-widget elementor-widget-button\" data-id=\"1631495\" data-element_type=\"widget\" data-widget_type=\"button.default\">\n\t\t\t\t\t\t\t\t\t\t<a class=\"elementor-button elementor-button-link elementor-size-sm\" href=\"https:\/\/komixchemical.com\/es\/application\/crude-oil-applications\/\" target=\"_blank\">\n\t\t\t\t\t\t<span class=\"elementor-button-content-wrapper\">\n\t\t\t\t\t\t\t\t\t<span class=\"elementor-button-text\">Explorar las aplicaciones del petr\u00f3leo crudo<\/span>\n\t\t\t\t\t<\/span>\n\t\t\t\t\t<\/a>\n\t\t\t\t\t\t\t\t<\/div>\n\t\t\t\t<\/div>\n\t\t\t\t\t<\/div>\n\t\t\t\t<\/div>\n\t\t<div class=\"elementor-element elementor-element-5be5b97 e-flex e-con-boxed e-con e-parent\" data-id=\"5be5b97\" data-element_type=\"container\">\n\t\t\t\t\t<div class=\"e-con-inner\">\n\t\t<div class=\"elementor-element elementor-element-df1a845 e-con-full e-flex e-con e-child\" data-id=\"df1a845\" data-element_type=\"container\">\n\t\t\t\t<div class=\"elementor-element elementor-element-ef9f92b elementor-widget elementor-widget-heading\" data-id=\"ef9f92b\" data-element_type=\"widget\" data-widget_type=\"heading.default\">\n\t\t\t\t\t<h3 class=\"elementor-heading-title elementor-size-default\">Aplicaciones de gas natural: energ\u00eda m\u00e1s limpia, suministro fiable<\/h3>\t\t\t\t<\/div>\n\t\t\t\t<div class=\"elementor-element elementor-element-142ab64 elementor-widget elementor-widget-text-editor\" data-id=\"142ab64\" data-element_type=\"widget\" data-widget_type=\"text-editor.default\">\n\t\t\t\t\t\t\t\t\tNuestros productos eliminan eficazmente el H\u2082S de las corrientes de gas natural, evitando la corrosi\u00f3n, minimizando los riesgos para la seguridad y cumpliendo las normas del sector para el suministro de energ\u00eda limpia.\t\t\t\t\t\t\t\t<\/div>\n\t\t\t\t<div class=\"elementor-element elementor-element-9cc7e8c elementor-align-left elementor-mobile-align-center elementor-tablet-align-center elementor-widget elementor-widget-button\" data-id=\"9cc7e8c\" data-element_type=\"widget\" data-widget_type=\"button.default\">\n\t\t\t\t\t\t\t\t\t\t<a class=\"elementor-button elementor-button-link elementor-size-sm\" href=\"https:\/\/komixchemical.com\/es\/application\/natural-gas-applications\/\" target=\"_blank\">\n\t\t\t\t\t\t<span class=\"elementor-button-content-wrapper\">\n\t\t\t\t\t\t\t\t\t<span class=\"elementor-button-text\">Explore las aplicaciones del gas natural<\/span>\n\t\t\t\t\t<\/span>\n\t\t\t\t\t<\/a>\n\t\t\t\t\t\t\t\t<\/div>\n\t\t\t\t<\/div>\n\t\t<div class=\"elementor-element elementor-element-98ca5e0 e-con-full e-flex e-con e-child\" data-id=\"98ca5e0\" data-element_type=\"container\">\n\t\t\t\t<div class=\"elementor-element elementor-element-6e759b5 elementor-widget elementor-widget-image\" data-id=\"6e759b5\" data-element_type=\"widget\" data-widget_type=\"image.default\">\n\t\t\t\t\t\t\t\t\t\t\t\t\t\t\t<img decoding=\"async\" width=\"800\" height=\"534\" src=\"https:\/\/komixchemical.com\/wp-content\/uploads\/2025\/10\/natural-gas.jpg\" class=\"attachment-large size-large wp-image-1286\" alt=\"\" srcset=\"https:\/\/komixchemical.com\/wp-content\/uploads\/2025\/10\/natural-gas.jpg 800w, https:\/\/komixchemical.com\/wp-content\/uploads\/2025\/10\/natural-gas-300x200.jpg 300w, https:\/\/komixchemical.com\/wp-content\/uploads\/2025\/10\/natural-gas-768x513.jpg 768w\" sizes=\"(max-width: 800px) 100vw, 800px\" \/>\t\t\t\t\t\t\t\t\t\t\t\t\t\t\t<\/div>\n\t\t\t\t<\/div>\n\t\t\t\t\t<\/div>\n\t\t\t\t<\/div>\n\t\t<div class=\"elementor-element elementor-element-d7bf942 e-flex e-con-boxed e-con e-parent\" data-id=\"d7bf942\" data-element_type=\"container\">\n\t\t\t\t\t<div class=\"e-con-inner\">\n\t\t\t\t<div class=\"elementor-element elementor-element-5159328 elementor-widget elementor-widget-heading\" data-id=\"5159328\" data-element_type=\"widget\" data-widget_type=\"heading.default\">\n\t\t\t\t\t<h2 class=\"elementor-heading-title elementor-size-default\">Escenarios de aplicaci\u00f3n: soluciones a medida para cada etapa<\/h2>\t\t\t\t<\/div>\n\t\t\t\t<div class=\"elementor-element elementor-element-873da62 elementor-widget elementor-widget-text-editor\" data-id=\"873da62\" data-element_type=\"widget\" data-widget_type=\"text-editor.default\">\n\t\t\t\t\t\t\t\t\tLos barredores KOMIX est\u00e1n dise\u00f1ados para adaptarse a diferentes condiciones de funcionamiento en toda la cadena de valor del petr\u00f3leo y el gas.\t\t\t\t\t\t\t\t<\/div>\n\t\t\t\t\t<\/div>\n\t\t\t\t<\/div>\n\t\t<div class=\"elementor-element elementor-element-93ff7eb e-grid e-con-boxed e-con e-parent\" data-id=\"93ff7eb\" data-element_type=\"container\">\n\t\t\t\t\t<div class=\"e-con-inner\">\n\t\t<div class=\"elementor-element elementor-element-32df5a2 e-con-full e-flex e-con e-child\" data-id=\"32df5a2\" data-element_type=\"container\">\n\t\t\t\t<div class=\"elementor-element elementor-element-8f54797 elementor-widget elementor-widget-image\" data-id=\"8f54797\" data-element_type=\"widget\" data-widget_type=\"image.default\">\n\t\t\t\t\t\t\t\t\t\t\t\t\t\t\t<img decoding=\"async\" width=\"800\" height=\"533\" src=\"https:\/\/komixchemical.com\/wp-content\/uploads\/2025\/10\/extraction-of-crude-oil-in-oilfield-oil-drilling-2025-03-14-21-47-14-utc.jpg\" class=\"attachment-large size-large wp-image-1289\" alt=\"\" srcset=\"https:\/\/komixchemical.com\/wp-content\/uploads\/2025\/10\/extraction-of-crude-oil-in-oilfield-oil-drilling-2025-03-14-21-47-14-utc.jpg 800w, https:\/\/komixchemical.com\/wp-content\/uploads\/2025\/10\/extraction-of-crude-oil-in-oilfield-oil-drilling-2025-03-14-21-47-14-utc-300x200.jpg 300w, https:\/\/komixchemical.com\/wp-content\/uploads\/2025\/10\/extraction-of-crude-oil-in-oilfield-oil-drilling-2025-03-14-21-47-14-utc-768x512.jpg 768w\" sizes=\"(max-width: 800px) 100vw, 800px\" \/>\t\t\t\t\t\t\t\t\t\t\t\t\t\t\t<\/div>\n\t\t<div class=\"elementor-element elementor-element-73a471b e-con-full e-flex e-con e-child\" data-id=\"73a471b\" data-element_type=\"container\">\n\t\t<div class=\"elementor-element elementor-element-617b335 e-con-full e-flex e-con e-child\" data-id=\"617b335\" data-element_type=\"container\" data-settings=\"{&quot;background_background&quot;:&quot;classic&quot;}\">\n\t\t\t\t<div class=\"elementor-element elementor-element-91c99e9 elementor-widget elementor-widget-heading\" data-id=\"91c99e9\" data-element_type=\"widget\" data-widget_type=\"heading.default\">\n\t\t\t\t\t<h2 class=\"elementor-heading-title elementor-size-default\">En el fondo del pozo<\/h2>\t\t\t\t<\/div>\n\t\t\t\t<div class=\"elementor-element elementor-element-199fff7 elementor-widget elementor-widget-text-editor\" data-id=\"199fff7\" data-element_type=\"widget\" data-widget_type=\"text-editor.default\">\n\t\t\t\t\t\t\t\t\tReduzca el H\u2082S en origen, protegiendo los equipos y mejorando la productividad de los pozos.\t\t\t\t\t\t\t\t<\/div>\n\t\t\t\t<\/div>\n\t\t\t\t<\/div>\n\t\t\t\t<\/div>\n\t\t<div class=\"elementor-element elementor-element-c877ade e-con-full e-flex e-con e-child\" data-id=\"c877ade\" data-element_type=\"container\">\n\t\t\t\t<div class=\"elementor-element elementor-element-e609693 elementor-widget elementor-widget-image\" data-id=\"e609693\" data-element_type=\"widget\" data-widget_type=\"image.default\">\n\t\t\t\t\t\t\t\t\t\t\t\t\t\t\t<img loading=\"lazy\" decoding=\"async\" width=\"800\" height=\"533\" src=\"https:\/\/komixchemical.com\/wp-content\/uploads\/2025\/10\/production-operator-opening-ball-valve-pipeline-oil-gas-wellhead-remote-platform-control-gases-crude-oil-process.jpg\" class=\"attachment-large size-large wp-image-1408\" alt=\"\" srcset=\"https:\/\/komixchemical.com\/wp-content\/uploads\/2025\/10\/production-operator-opening-ball-valve-pipeline-oil-gas-wellhead-remote-platform-control-gases-crude-oil-process.jpg 800w, https:\/\/komixchemical.com\/wp-content\/uploads\/2025\/10\/production-operator-opening-ball-valve-pipeline-oil-gas-wellhead-remote-platform-control-gases-crude-oil-process-300x200.jpg 300w, https:\/\/komixchemical.com\/wp-content\/uploads\/2025\/10\/production-operator-opening-ball-valve-pipeline-oil-gas-wellhead-remote-platform-control-gases-crude-oil-process-768x512.jpg 768w\" sizes=\"(max-width: 800px) 100vw, 800px\" \/>\t\t\t\t\t\t\t\t\t\t\t\t\t\t\t<\/div>\n\t\t<div class=\"elementor-element elementor-element-39e3782 e-con-full e-flex e-con e-child\" data-id=\"39e3782\" data-element_type=\"container\">\n\t\t<div class=\"elementor-element elementor-element-3c6db5c e-con-full e-flex e-con e-child\" data-id=\"3c6db5c\" data-element_type=\"container\" data-settings=\"{&quot;background_background&quot;:&quot;classic&quot;}\">\n\t\t\t\t<div class=\"elementor-element elementor-element-a8b6115 elementor-widget elementor-widget-heading\" data-id=\"a8b6115\" data-element_type=\"widget\" data-widget_type=\"heading.default\">\n\t\t\t\t\t<h2 class=\"elementor-heading-title elementor-size-default\">Cabeza de pozo<\/h2>\t\t\t\t<\/div>\n\t\t\t\t<div class=\"elementor-element elementor-element-1074cf0 elementor-widget elementor-widget-text-editor\" data-id=\"1074cf0\" data-element_type=\"widget\" data-widget_type=\"text-editor.default\">\n\t\t\t\t\t\t\t\t\tGarantizar que el gas y los l\u00edquidos cumplen las normas de seguridad antes de entrar en los sistemas de procesamiento.\t\t\t\t\t\t\t\t<\/div>\n\t\t\t\t<\/div>\n\t\t\t\t<\/div>\n\t\t\t\t<\/div>\n\t\t<div class=\"elementor-element elementor-element-e1ae337 e-con-full e-flex e-con e-child\" data-id=\"e1ae337\" data-element_type=\"container\">\n\t\t\t\t<div class=\"elementor-element elementor-element-61d8fb9 elementor-widget elementor-widget-image\" data-id=\"61d8fb9\" data-element_type=\"widget\" data-widget_type=\"image.default\">\n\t\t\t\t\t\t\t\t\t\t\t\t\t\t\t<img loading=\"lazy\" decoding=\"async\" width=\"800\" height=\"600\" src=\"https:\/\/komixchemical.com\/wp-content\/uploads\/2025\/10\/heat-exchangers-refinery-heated-gasoline-air-cooler-e-1.jpg\" class=\"attachment-large size-large wp-image-1302\" alt=\"\" srcset=\"https:\/\/komixchemical.com\/wp-content\/uploads\/2025\/10\/heat-exchangers-refinery-heated-gasoline-air-cooler-e-1.jpg 800w, https:\/\/komixchemical.com\/wp-content\/uploads\/2025\/10\/heat-exchangers-refinery-heated-gasoline-air-cooler-e-1-300x225.jpg 300w, https:\/\/komixchemical.com\/wp-content\/uploads\/2025\/10\/heat-exchangers-refinery-heated-gasoline-air-cooler-e-1-768x576.jpg 768w\" sizes=\"(max-width: 800px) 100vw, 800px\" \/>\t\t\t\t\t\t\t\t\t\t\t\t\t\t\t<\/div>\n\t\t<div class=\"elementor-element elementor-element-7aad6bf e-con-full e-flex e-con e-child\" data-id=\"7aad6bf\" data-element_type=\"container\">\n\t\t<div class=\"elementor-element elementor-element-0f75962 e-con-full e-flex e-con e-child\" data-id=\"0f75962\" data-element_type=\"container\" data-settings=\"{&quot;background_background&quot;:&quot;classic&quot;}\">\n\t\t\t\t<div class=\"elementor-element elementor-element-a0fd11a elementor-widget elementor-widget-heading\" data-id=\"a0fd11a\" data-element_type=\"widget\" data-widget_type=\"heading.default\">\n\t\t\t\t\t<h2 class=\"elementor-heading-title elementor-size-default\">Tuber\u00edas<\/h2>\t\t\t\t<\/div>\n\t\t\t\t<div class=\"elementor-element elementor-element-f8f034a elementor-widget elementor-widget-text-editor\" data-id=\"f8f034a\" data-element_type=\"widget\" data-widget_type=\"text-editor.default\">\n\t\t\t\t\t\t\t\t\tEvita la corrosi\u00f3n y mantiene la calidad del producto durante el transporte a larga distancia.\t\t\t\t\t\t\t\t<\/div>\n\t\t\t\t<\/div>\n\t\t\t\t<\/div>\n\t\t\t\t<\/div>\n\t\t<div class=\"elementor-element elementor-element-1e8fed8 e-con-full e-flex e-con e-child\" data-id=\"1e8fed8\" data-element_type=\"container\">\n\t\t\t\t<div class=\"elementor-element elementor-element-ffdb138 elementor-widget elementor-widget-image\" data-id=\"ffdb138\" data-element_type=\"widget\" data-widget_type=\"image.default\">\n\t\t\t\t\t\t\t\t\t\t\t\t\t\t\t<img loading=\"lazy\" decoding=\"async\" width=\"800\" height=\"533\" src=\"https:\/\/komixchemical.com\/wp-content\/uploads\/2025\/10\/view-new-installation-crude-oil-storage-tank-tank-farm-storage-tanks-can-be-used-hold-materials.jpg\" class=\"attachment-large size-large wp-image-1409\" alt=\"\" srcset=\"https:\/\/komixchemical.com\/wp-content\/uploads\/2025\/10\/view-new-installation-crude-oil-storage-tank-tank-farm-storage-tanks-can-be-used-hold-materials.jpg 800w, https:\/\/komixchemical.com\/wp-content\/uploads\/2025\/10\/view-new-installation-crude-oil-storage-tank-tank-farm-storage-tanks-can-be-used-hold-materials-300x200.jpg 300w, https:\/\/komixchemical.com\/wp-content\/uploads\/2025\/10\/view-new-installation-crude-oil-storage-tank-tank-farm-storage-tanks-can-be-used-hold-materials-768x512.jpg 768w\" sizes=\"(max-width: 800px) 100vw, 800px\" \/>\t\t\t\t\t\t\t\t\t\t\t\t\t\t\t<\/div>\n\t\t<div class=\"elementor-element elementor-element-e6949e0 e-con-full e-flex e-con e-child\" data-id=\"e6949e0\" data-element_type=\"container\">\n\t\t<div class=\"elementor-element elementor-element-8ca0952 e-con-full e-flex e-con e-child\" data-id=\"8ca0952\" data-element_type=\"container\" data-settings=\"{&quot;background_background&quot;:&quot;classic&quot;}\">\n\t\t\t\t<div class=\"elementor-element elementor-element-cd89ef4 elementor-widget elementor-widget-heading\" data-id=\"cd89ef4\" data-element_type=\"widget\" data-widget_type=\"heading.default\">\n\t\t\t\t\t<h2 class=\"elementor-heading-title elementor-size-default\">Tanque de almacenamiento<\/h2>\t\t\t\t<\/div>\n\t\t\t\t<div class=\"elementor-element elementor-element-0c93929 elementor-widget elementor-widget-text-editor\" data-id=\"0c93929\" data-element_type=\"widget\" data-widget_type=\"text-editor.default\">\n\t\t\t\t\t\t\t\t\tControla la acumulaci\u00f3n de H\u2082S, garantizando un almacenamiento m\u00e1s seguro y reduciendo las emisiones.\t\t\t\t\t\t\t\t<\/div>\n\t\t\t\t<\/div>\n\t\t\t\t<\/div>\n\t\t\t\t<\/div>\n\t\t<div class=\"elementor-element elementor-element-2230c75 e-con-full e-flex e-con e-child\" data-id=\"2230c75\" data-element_type=\"container\">\n\t\t\t\t<div class=\"elementor-element elementor-element-5248d5e elementor-widget elementor-widget-image\" data-id=\"5248d5e\" data-element_type=\"widget\" data-widget_type=\"image.default\">\n\t\t\t\t\t\t\t\t\t\t\t\t\t\t\t<img loading=\"lazy\" decoding=\"async\" width=\"800\" height=\"533\" src=\"https:\/\/komixchemical.com\/wp-content\/uploads\/2025\/10\/storage-tanks-gas-refinery-plant.jpg\" class=\"attachment-large size-large wp-image-1410\" alt=\"\" srcset=\"https:\/\/komixchemical.com\/wp-content\/uploads\/2025\/10\/storage-tanks-gas-refinery-plant.jpg 800w, https:\/\/komixchemical.com\/wp-content\/uploads\/2025\/10\/storage-tanks-gas-refinery-plant-300x200.jpg 300w, https:\/\/komixchemical.com\/wp-content\/uploads\/2025\/10\/storage-tanks-gas-refinery-plant-768x512.jpg 768w\" sizes=\"(max-width: 800px) 100vw, 800px\" \/>\t\t\t\t\t\t\t\t\t\t\t\t\t\t\t<\/div>\n\t\t<div class=\"elementor-element elementor-element-c7b6c56 e-con-full e-flex e-con e-child\" data-id=\"c7b6c56\" data-element_type=\"container\">\n\t\t<div class=\"elementor-element elementor-element-bc9c1e5 e-con-full e-flex e-con e-child\" data-id=\"bc9c1e5\" data-element_type=\"container\" data-settings=\"{&quot;background_background&quot;:&quot;classic&quot;}\">\n\t\t\t\t<div class=\"elementor-element elementor-element-ccf62f6 elementor-widget elementor-widget-heading\" data-id=\"ccf62f6\" data-element_type=\"widget\" data-widget_type=\"heading.default\">\n\t\t\t\t\t<h2 class=\"elementor-heading-title elementor-size-default\">Torre de burbujas<\/h2>\t\t\t\t<\/div>\n\t\t\t\t<div class=\"elementor-element elementor-element-8a6a0ff elementor-widget elementor-widget-text-editor\" data-id=\"8a6a0ff\" data-element_type=\"widget\" data-widget_type=\"text-editor.default\">\n\t\t\t\t\t\t\t\t\tMejorar la eficacia del lavado y conseguir una eliminaci\u00f3n estable del H\u2082S en las unidades de procesamiento.\t\t\t\t\t\t\t\t<\/div>\n\t\t\t\t<\/div>\n\t\t\t\t<\/div>\n\t\t\t\t<\/div>\n\t\t<div class=\"elementor-element elementor-element-f9b45c8 e-con-full e-flex e-con e-child\" data-id=\"f9b45c8\" data-element_type=\"container\">\n\t\t\t\t<div class=\"elementor-element elementor-element-d9e8102 elementor-widget elementor-widget-image\" data-id=\"d9e8102\" data-element_type=\"widget\" data-widget_type=\"image.default\">\n\t\t\t\t\t\t\t\t\t\t\t\t\t\t\t<img loading=\"lazy\" decoding=\"async\" width=\"800\" height=\"600\" src=\"https:\/\/komixchemical.com\/wp-content\/uploads\/2025\/10\/tanker-ship-refueling-oil-terminal-with-storage-silo-s-port-aerial-view-from-flying-drone.jpg\" class=\"attachment-large size-large wp-image-1411\" alt=\"\" srcset=\"https:\/\/komixchemical.com\/wp-content\/uploads\/2025\/10\/tanker-ship-refueling-oil-terminal-with-storage-silo-s-port-aerial-view-from-flying-drone.jpg 800w, https:\/\/komixchemical.com\/wp-content\/uploads\/2025\/10\/tanker-ship-refueling-oil-terminal-with-storage-silo-s-port-aerial-view-from-flying-drone-300x225.jpg 300w, https:\/\/komixchemical.com\/wp-content\/uploads\/2025\/10\/tanker-ship-refueling-oil-terminal-with-storage-silo-s-port-aerial-view-from-flying-drone-768x576.jpg 768w\" sizes=\"(max-width: 800px) 100vw, 800px\" \/>\t\t\t\t\t\t\t\t\t\t\t\t\t\t\t<\/div>\n\t\t<div class=\"elementor-element elementor-element-96e4d76 e-con-full e-flex e-con e-child\" data-id=\"96e4d76\" data-element_type=\"container\">\n\t\t<div class=\"elementor-element elementor-element-30edd2f e-con-full e-flex e-con e-child\" data-id=\"30edd2f\" data-element_type=\"container\" data-settings=\"{&quot;background_background&quot;:&quot;classic&quot;}\">\n\t\t\t\t<div class=\"elementor-element elementor-element-6495f38 elementor-widget elementor-widget-heading\" data-id=\"6495f38\" data-element_type=\"widget\" data-widget_type=\"heading.default\">\n\t\t\t\t\t<h2 class=\"elementor-heading-title elementor-size-default\">Grandes petroleros<\/h2>\t\t\t\t<\/div>\n\t\t\t\t<div class=\"elementor-element elementor-element-ba3c35d elementor-widget elementor-widget-text-editor\" data-id=\"ba3c35d\" data-element_type=\"widget\" data-widget_type=\"text-editor.default\">\n\t\t\t\t\t\t\t\t\tSalvaguardar las operaciones de los petroleros reduciendo los niveles de H\u2082S durante el transporte de crudo a larga distancia.\t\t\t\t\t\t\t\t<\/div>\n\t\t\t\t<\/div>\n\t\t\t\t<\/div>\n\t\t\t\t<\/div>\n\t\t\t\t\t<\/div>\n\t\t\t\t<\/div>\n\t\t\t\t<\/div>","protected":false},"excerpt":{"rendered":"<p>Applications of KOMIX H\u2082S Scavengers KOMIX chemical additives are designed to protect operations across the oil and gas industry. From [&hellip;]<\/p>","protected":false},"author":1,"featured_media":0,"parent":0,"menu_order":0,"comment_status":"closed","ping_status":"closed","template":"elementor_header_footer","meta":{"site-sidebar-layout":"default","site-content-layout":"","ast-site-content-layout":"default","site-content-style":"default","site-sidebar-style":"default","ast-global-header-display":"","ast-banner-title-visibility":"","ast-main-header-display":"","ast-hfb-above-header-display":"","ast-hfb-below-header-display":"","ast-hfb-mobile-header-display":"","site-post-title":"","ast-breadcrumbs-content":"","ast-featured-img":"","footer-sml-layout":"","theme-transparent-header-meta":"","adv-header-id-meta":"","stick-header-meta":"","header-above-stick-meta":"","header-main-stick-meta":"","header-below-stick-meta":"","astra-migrate-meta-layouts":"default","ast-page-background-enabled":"default","ast-page-background-meta":{"desktop":{"background-color":"var(--ast-global-color-5)","background-image":"","background-repeat":"repeat","background-position":"center center","background-size":"auto","background-attachment":"scroll","background-type":"","background-media":"","overlay-type":"","overlay-color":"","overlay-opacity":"","overlay-gradient":""},"tablet":{"background-color":"","background-image":"","background-repeat":"repeat","background-position":"center center","background-size":"auto","background-attachment":"scroll","background-type":"","background-media":"","overlay-type":"","overlay-color":"","overlay-opacity":"","overlay-gradient":""},"mobile":{"background-color":"","background-image":"","background-repeat":"repeat","background-position":"center center","background-size":"auto","background-attachment":"scroll","background-type":"","background-media":"","overlay-type":"","overlay-color":"","overlay-opacity":"","overlay-gradient":""}},"ast-content-background-meta":{"desktop":{"background-color":"var(--ast-global-color-4)","background-image":"","background-repeat":"repeat","background-position":"center center","background-size":"auto","background-attachment":"scroll","background-type":"","background-media":"","overlay-type":"","overlay-color":"","overlay-opacity":"","overlay-gradient":""},"tablet":{"background-color":"var(--ast-global-color-4)","background-image":"","background-repeat":"repeat","background-position":"center center","background-size":"auto","background-attachment":"scroll","background-type":"","background-media":"","overlay-type":"","overlay-color":"","overlay-opacity":"","overlay-gradient":""},"mobile":{"background-color":"var(--ast-global-color-4)","background-image":"","background-repeat":"repeat","background-position":"center center","background-size":"auto","background-attachment":"scroll","background-type":"","background-media":"","overlay-type":"","overlay-color":"","overlay-opacity":"","overlay-gradient":""}},"footnotes":""},"class_list":["post-319","page","type-page","status-publish","hentry"],"_links":{"self":[{"href":"https:\/\/komixchemical.com\/es\/wp-json\/wp\/v2\/pages\/319","targetHints":{"allow":["GET"]}}],"collection":[{"href":"https:\/\/komixchemical.com\/es\/wp-json\/wp\/v2\/pages"}],"about":[{"href":"https:\/\/komixchemical.com\/es\/wp-json\/wp\/v2\/types\/page"}],"author":[{"embeddable":true,"href":"https:\/\/komixchemical.com\/es\/wp-json\/wp\/v2\/users\/1"}],"replies":[{"embeddable":true,"href":"https:\/\/komixchemical.com\/es\/wp-json\/wp\/v2\/comments?post=319"}],"version-history":[{"count":19,"href":"https:\/\/komixchemical.com\/es\/wp-json\/wp\/v2\/pages\/319\/revisions"}],"predecessor-version":[{"id":1414,"href":"https:\/\/komixchemical.com\/es\/wp-json\/wp\/v2\/pages\/319\/revisions\/1414"}],"wp:attachment":[{"href":"https:\/\/komixchemical.com\/es\/wp-json\/wp\/v2\/media?parent=319"}],"curies":[{"name":"wp","href":"https:\/\/api.w.org\/{rel}","templated":true}]}}