{"id":1539,"date":"2025-10-16T14:54:44","date_gmt":"2025-10-16T14:54:44","guid":{"rendered":"https:\/\/komixchemical.com\/?page_id=1539"},"modified":"2025-10-16T14:55:13","modified_gmt":"2025-10-16T14:55:13","slug":"cookie-policy","status":"publish","type":"page","link":"https:\/\/komixchemical.com\/es\/cookie-policy\/","title":{"rendered":"Pol\u00edtica de cookies"},"content":{"rendered":"<div data-elementor-type=\"wp-page\" data-elementor-id=\"1539\" class=\"elementor elementor-1539\" data-elementor-post-type=\"page\">\n\t\t\t\t<div class=\"elementor-element elementor-element-368501b e-flex e-con-boxed e-con e-parent\" data-id=\"368501b\" data-element_type=\"container\" data-settings=\"{&quot;background_background&quot;:&quot;classic&quot;}\">\n\t\t\t\t\t<div class=\"e-con-inner\">\n\t\t<div class=\"elementor-element elementor-element-9557ba3 e-con-full e-flex e-con e-child\" data-id=\"9557ba3\" data-element_type=\"container\">\n\t\t\t\t<\/div>\n\t\t\t\t\t<\/div>\n\t\t\t\t<\/div>\n\t\t<div class=\"elementor-element elementor-element-319cf4c4 e-flex e-con-boxed e-con e-parent\" data-id=\"319cf4c4\" data-element_type=\"container\">\n\t\t\t\t\t<div class=\"e-con-inner\">\n\t\t\t\t<div class=\"elementor-element elementor-element-1dc8792a elementor-widget elementor-widget-text-editor\" data-id=\"1dc8792a\" data-element_type=\"widget\" data-widget_type=\"text-editor.default\">\n\t\t\t\t\t\t\t\t\t<p><strong>Pol\u00edtica de cookies<\/strong><\/p><p><em>\u00daltima actualizaci\u00f3n: octubre de 2025<\/em><\/p><p>Esta Pol\u00edtica de cookies explica c\u00f3mo <strong>KOMIX<\/strong> utiliza cookies y tecnolog\u00edas similares en nuestro sitio web.<\/p><h3>1. Qu\u00e9 son las cookies<\/h3><p>Las cookies son peque\u00f1os archivos de texto que se almacenan en su dispositivo cuando visita un sitio web. Ayudan a que los sitios web funcionen correctamente y mejoran su experiencia de navegaci\u00f3n.<\/p><h3>2. C\u00f3mo utilizamos las cookies<\/h3><p>Utilizamos cookies para:<\/p><ul><li><p>Aseg\u00farese de que el sitio web funciona eficazmente;<\/p><\/li><li><p>Recuerda las preferencias del usuario;<\/p><\/li><li><p>Analice el tr\u00e1fico y el rendimiento del sitio web mediante herramientas de an\u00e1lisis como Google Analytics.<\/p><\/li><\/ul><h3>3. Tipos de cookies que utilizamos<\/h3><ul><li><p><strong>Cookies esenciales:<\/strong> Necesario para el funcionamiento del sitio web.<\/p><\/li><li><p><strong>Cookies funcionales:<\/strong> Ayuda a recordar preferencias y ajustes.<\/p><\/li><li><p><strong>Cookies anal\u00edticas:<\/strong> Recopilar datos an\u00f3nimos sobre el uso del sitio web para ayudar a mejorar la experiencia del usuario.<\/p><\/li><\/ul><h3>4. Gesti\u00f3n de cookies<\/h3><p>Puede gestionar o desactivar las cookies en la configuraci\u00f3n de su navegador. Tenga en cuenta que desactivar las cookies puede afectar a determinadas funciones o caracter\u00edsticas del sitio web.<\/p><h3>5. Cookies de terceros<\/h3><p>Algunas cookies pueden ser instaladas por servicios de terceros integrados en nuestro sitio (por ejemplo, an\u00e1lisis, medios incrustados). KOMIX no es responsable de las pr\u00e1cticas de terceros en materia de cookies.<\/p><h3>6. Actualizaciones de esta pol\u00edtica<\/h3><p>Podemos actualizar esta Pol\u00edtica de Cookies ocasionalmente. Por favor, revise esta p\u00e1gina regularmente para conocer la \u00faltima versi\u00f3n.<\/p><h3>7. Contacto<\/h3><p>Si tiene alguna pregunta sobre esta Pol\u00edtica de Cookies, p\u00f3ngase en contacto con nosotros en:<br \/><strong><a href=\"mailto:Info@komixchemical.com\">Info@komixchemical.com<\/a><\/strong><\/p><p>\u00a0<\/p>\t\t\t\t\t\t\t\t<\/div>\n\t\t\t\t\t<\/div>\n\t\t\t\t<\/div>\n\t\t\t\t<\/div>","protected":false},"excerpt":{"rendered":"<p>Cookie Policy Last updated: October 2025 This Cookie Policy explains how KOMIX uses cookies and similar technologies on our website. [&hellip;]<\/p>","protected":false},"author":1,"featured_media":0,"parent":0,"menu_order":0,"comment_status":"closed","ping_status":"closed","template":"","meta":{"site-sidebar-layout":"default","site-content-layout":"","ast-site-content-layout":"default","site-content-style":"default","site-sidebar-style":"default","ast-global-header-display":"","ast-banner-title-visibility":"","ast-main-header-display":"","ast-hfb-above-header-display":"","ast-hfb-below-header-display":"","ast-hfb-mobile-header-display":"","site-post-title":"","ast-breadcrumbs-content":"","ast-featured-img":"","footer-sml-layout":"","theme-transparent-header-meta":"","adv-header-id-meta":"","stick-header-meta":"","header-above-stick-meta":"","header-main-stick-meta":"","header-below-stick-meta":"","astra-migrate-meta-layouts":"default","ast-page-background-enabled":"default","ast-page-background-meta":{"desktop":{"background-color":"var(--ast-global-color-5)","background-image":"","background-repeat":"repeat","background-position":"center center","background-size":"auto","background-attachment":"scroll","background-type":"","background-media":"","overlay-type":"","overlay-color":"","overlay-opacity":"","overlay-gradient":""},"tablet":{"background-color":"","background-image":"","background-repeat":"repeat","background-position":"center center","background-size":"auto","background-attachment":"scroll","background-type":"","background-media":"","overlay-type":"","overlay-color":"","overlay-opacity":"","overlay-gradient":""},"mobile":{"background-color":"","background-image":"","background-repeat":"repeat","background-position":"center center","background-size":"auto","background-attachment":"scroll","background-type":"","background-media":"","overlay-type":"","overlay-color":"","overlay-opacity":"","overlay-gradient":""}},"ast-content-background-meta":{"desktop":{"background-color":"var(--ast-global-color-4)","background-image":"","background-repeat":"repeat","background-position":"center center","background-size":"auto","background-attachment":"scroll","background-type":"","background-media":"","overlay-type":"","overlay-color":"","overlay-opacity":"","overlay-gradient":""},"tablet":{"background-color":"var(--ast-global-color-4)","background-image":"","background-repeat":"repeat","background-position":"center center","background-size":"auto","background-attachment":"scroll","background-type":"","background-media":"","overlay-type":"","overlay-color":"","overlay-opacity":"","overlay-gradient":""},"mobile":{"background-color":"var(--ast-global-color-4)","background-image":"","background-repeat":"repeat","background-position":"center center","background-size":"auto","background-attachment":"scroll","background-type":"","background-media":"","overlay-type":"","overlay-color":"","overlay-opacity":"","overlay-gradient":""}},"footnotes":""},"class_list":["post-1539","page","type-page","status-publish","hentry"],"_links":{"self":[{"href":"https:\/\/komixchemical.com\/es\/wp-json\/wp\/v2\/pages\/1539","targetHints":{"allow":["GET"]}}],"collection":[{"href":"https:\/\/komixchemical.com\/es\/wp-json\/wp\/v2\/pages"}],"about":[{"href":"https:\/\/komixchemical.com\/es\/wp-json\/wp\/v2\/types\/page"}],"author":[{"embeddable":true,"href":"https:\/\/komixchemical.com\/es\/wp-json\/wp\/v2\/users\/1"}],"replies":[{"embeddable":true,"href":"https:\/\/komixchemical.com\/es\/wp-json\/wp\/v2\/comments?post=1539"}],"version-history":[{"count":3,"href":"https:\/\/komixchemical.com\/es\/wp-json\/wp\/v2\/pages\/1539\/revisions"}],"predecessor-version":[{"id":1542,"href":"https:\/\/komixchemical.com\/es\/wp-json\/wp\/v2\/pages\/1539\/revisions\/1542"}],"wp:attachment":[{"href":"https:\/\/komixchemical.com\/es\/wp-json\/wp\/v2\/media?parent=1539"}],"curies":[{"name":"wp","href":"https:\/\/api.w.org\/{rel}","templated":true}]}}