{"id":1239,"date":"2025-09-27T12:51:20","date_gmt":"2025-09-27T12:51:20","guid":{"rendered":"https:\/\/komixchemical.com\/?page_id=1239"},"modified":"2025-10-12T13:00:51","modified_gmt":"2025-10-12T13:00:51","slug":"komix-rd-center","status":"publish","type":"page","link":"https:\/\/komixchemical.com\/es\/company\/komix-rd-center\/","title":{"rendered":"Centro de I+D KOMIX"},"content":{"rendered":"<div data-elementor-type=\"wp-page\" data-elementor-id=\"1239\" class=\"elementor elementor-1239\" data-elementor-post-type=\"page\">\n\t\t\t\t<div class=\"elementor-element elementor-element-908d557 e-flex e-con-boxed e-con e-parent\" data-id=\"908d557\" data-element_type=\"container\" data-settings=\"{&quot;background_background&quot;:&quot;classic&quot;}\">\n\t\t\t\t\t<div class=\"e-con-inner\">\n\t\t<div class=\"elementor-element elementor-element-00e1d3c e-con-full e-flex e-con e-child\" data-id=\"00e1d3c\" data-element_type=\"container\">\n\t\t\t\t<div class=\"elementor-element elementor-element-704f17c elementor-invisible elementor-widget elementor-widget-heading\" data-id=\"704f17c\" data-element_type=\"widget\" data-settings=\"{&quot;_animation&quot;:&quot;fadeInUp&quot;,&quot;_animation_delay&quot;:200}\" data-widget_type=\"heading.default\">\n\t\t\t\t\t<h1 class=\"elementor-heading-title elementor-size-default\">Centro de I+D KOMIX<\/h1>\t\t\t\t<\/div>\n\t\t\t\t<div class=\"elementor-element elementor-element-0608f4e elementor-invisible elementor-widget elementor-widget-heading\" data-id=\"0608f4e\" data-element_type=\"widget\" data-settings=\"{&quot;_animation&quot;:&quot;fadeInUp&quot;,&quot;_animation_delay&quot;:300}\" data-widget_type=\"heading.default\">\n\t\t\t\t\t<p class=\"elementor-heading-title elementor-size-default\">En KOMIX, la investigaci\u00f3n y el desarrollo son el motor que impulsa nuestro crecimiento y el \u00e9xito de nuestros clientes. Mediante la combinaci\u00f3n de una profunda experiencia qu\u00edmica con instalaciones de ensayo avanzadas, ofrecemos soluciones de aditivos que mejoran la seguridad, la eficiencia y el cumplimiento en todos los mercados energ\u00e9ticos.<\/p>\t\t\t\t<\/div>\n\t\t\t\t<\/div>\n\t\t\t\t\t<\/div>\n\t\t\t\t<\/div>\n\t\t<div class=\"elementor-element elementor-element-636d170 e-flex e-con-boxed e-con e-parent\" data-id=\"636d170\" data-element_type=\"container\">\n\t\t\t\t\t<div class=\"e-con-inner\">\n\t\t<div class=\"elementor-element elementor-element-b59a7cc e-con-full e-flex e-con e-child\" data-id=\"b59a7cc\" data-element_type=\"container\">\n\t\t\t\t<div class=\"elementor-element elementor-element-86d2a89 elementor-widget elementor-widget-heading\" data-id=\"86d2a89\" data-element_type=\"widget\" data-widget_type=\"heading.default\">\n\t\t\t\t\t<h6 class=\"elementor-heading-title elementor-size-default\">Soluciones mediante la investigaci\u00f3n y la colaboraci\u00f3n<\/h6>\t\t\t\t<\/div>\n\t\t\t\t<div class=\"elementor-element elementor-element-1ad04f2 elementor-widget elementor-widget-heading\" data-id=\"1ad04f2\" data-element_type=\"widget\" data-widget_type=\"heading.default\">\n\t\t\t\t\t<h2 class=\"elementor-heading-title elementor-size-default\">Nuestro enfoque de la innovaci\u00f3n<\/h2>\t\t\t\t<\/div>\n\t\t\t\t<div class=\"elementor-element elementor-element-d06588f elementor-widget elementor-widget-text-editor\" data-id=\"d06588f\" data-element_type=\"widget\" data-widget_type=\"text-editor.default\">\n\t\t\t\t\t\t\t\t\tEn KOMIX, I+D es m\u00e1s que un departamento: es una mentalidad. Nuestros cient\u00edficos e ingenieros trabajan codo con codo con los equipos de producci\u00f3n y los clientes para convertir las ideas en productos de alto rendimiento. Este enfoque integrado permite que cada innovaci\u00f3n pase sin problemas del laboratorio a la fabricaci\u00f3n a gran escala, garantizando una calidad y fiabilidad constantes.\t\t\t\t\t\t\t\t<\/div>\n\t\t\t\t<div class=\"elementor-element elementor-element-509d05b elementor-widget elementor-widget-heading\" data-id=\"509d05b\" data-element_type=\"widget\" data-widget_type=\"heading.default\">\n\t\t\t\t\t<h3 class=\"elementor-heading-title elementor-size-default\">Principales \u00e1mbitos de inter\u00e9s<\/h3>\t\t\t\t<\/div>\n\t\t\t\t<div class=\"elementor-element elementor-element-f2c7938 elementor-icon-list--layout-traditional elementor-list-item-link-full_width elementor-widget elementor-widget-icon-list\" data-id=\"f2c7938\" data-element_type=\"widget\" data-widget_type=\"icon-list.default\">\n\t\t\t\t\t\t\t<ul class=\"elementor-icon-list-items\">\n\t\t\t\t\t\t\t<li class=\"elementor-icon-list-item\">\n\t\t\t\t\t\t\t\t\t\t\t<span class=\"elementor-icon-list-icon\">\n\t\t\t\t\t\t\t<svg aria-hidden=\"true\" class=\"e-font-icon-svg e-fas-check\" viewbox=\"0 0 512 512\" xmlns=\"http:\/\/www.w3.org\/2000\/svg\"><path d=\"M173.898 439.404l-166.4-166.4c-9.997-9.997-9.997-26.206 0-36.204l36.203-36.204c9.997-9.998 26.207-9.998 36.204 0L192 312.69 432.095 72.596c9.997-9.997 26.207-9.997 36.204 0l36.203 36.204c9.997 9.997 9.997 26.206 0 36.204l-294.4 294.401c-9.998 9.997-26.207 9.997-36.204-.001z\"><\/path><\/svg>\t\t\t\t\t\t<\/span>\n\t\t\t\t\t\t\t\t\t\t<span class=\"elementor-icon-list-text\">Formulaci\u00f3n orientada al cliente:Dise\u00f1amos y ajustamos nuestros aditivos bas\u00e1ndonos en las condiciones de funcionamiento reales para satisfacer los requisitos de cada cliente.<\/span>\n\t\t\t\t\t\t\t\t\t<\/li>\n\t\t\t\t\t\t\t\t<li class=\"elementor-icon-list-item\">\n\t\t\t\t\t\t\t\t\t\t\t<span class=\"elementor-icon-list-icon\">\n\t\t\t\t\t\t\t<svg aria-hidden=\"true\" class=\"e-font-icon-svg e-fas-check\" viewbox=\"0 0 512 512\" xmlns=\"http:\/\/www.w3.org\/2000\/svg\"><path d=\"M173.898 439.404l-166.4-166.4c-9.997-9.997-9.997-26.206 0-36.204l36.203-36.204c9.997-9.998 26.207-9.998 36.204 0L192 312.69 432.095 72.596c9.997-9.997 26.207-9.997 36.204 0l36.203 36.204c9.997 9.997 9.997 26.206 0 36.204l-294.4 294.401c-9.998 9.997-26.207 9.997-36.204-.001z\"><\/path><\/svg>\t\t\t\t\t\t<\/span>\n\t\t\t\t\t\t\t\t\t\t<span class=\"elementor-icon-list-text\">Del concepto a la producci\u00f3n:Nuestros sistemas internos de I+D y producci\u00f3n automatizada permiten ampliar r\u00e1pidamente las nuevas tecnolog\u00edas manteniendo estrictas normas de calidad.<\/span>\n\t\t\t\t\t\t\t\t\t<\/li>\n\t\t\t\t\t\t<\/ul>\n\t\t\t\t\t\t<\/div>\n\t\t\t\t<div class=\"elementor-element elementor-element-d47a1c3 elementor-align-left elementor-mobile-align-center elementor-tablet-align-center elementor-widget elementor-widget-button\" data-id=\"d47a1c3\" data-element_type=\"widget\" data-widget_type=\"button.default\">\n\t\t\t\t\t\t\t\t\t\t<a class=\"elementor-button elementor-button-link elementor-size-sm\" href=\"https:\/\/komixchemical.com\/es\/contact-us\/\" target=\"_blank\">\n\t\t\t\t\t\t<span class=\"elementor-button-content-wrapper\">\n\t\t\t\t\t\t\t\t\t<span class=\"elementor-button-text\">contacto KOMIX<\/span>\n\t\t\t\t\t<\/span>\n\t\t\t\t\t<\/a>\n\t\t\t\t\t\t\t\t<\/div>\n\t\t\t\t<\/div>\n\t\t<div class=\"elementor-element elementor-element-0407e09 e-con-full e-flex e-con e-child\" data-id=\"0407e09\" data-element_type=\"container\">\n\t\t\t\t<div class=\"elementor-element elementor-element-ec9c151 elementor-widget elementor-widget-image\" data-id=\"ec9c151\" data-element_type=\"widget\" data-widget_type=\"image.default\">\n\t\t\t\t\t\t\t\t\t\t\t\t\t\t\t<img fetchpriority=\"high\" decoding=\"async\" width=\"1024\" height=\"683\" src=\"https:\/\/komixchemical.com\/wp-content\/uploads\/2025\/08\/team-petroleum-chemical-engineer-discussion-about-blueprint-drawings-inside-oil-refinery-gas-1024x683.jpg\" class=\"attachment-large size-large wp-image-885\" alt=\"Team Petroleum chemical engineer discussion about blueprint drawings inside Oil Refinery Gas\" srcset=\"https:\/\/komixchemical.com\/wp-content\/uploads\/2025\/08\/team-petroleum-chemical-engineer-discussion-about-blueprint-drawings-inside-oil-refinery-gas-1024x683.jpg 1024w, https:\/\/komixchemical.com\/wp-content\/uploads\/2025\/08\/team-petroleum-chemical-engineer-discussion-about-blueprint-drawings-inside-oil-refinery-gas-300x200.jpg 300w, https:\/\/komixchemical.com\/wp-content\/uploads\/2025\/08\/team-petroleum-chemical-engineer-discussion-about-blueprint-drawings-inside-oil-refinery-gas-768x512.jpg 768w, https:\/\/komixchemical.com\/wp-content\/uploads\/2025\/08\/team-petroleum-chemical-engineer-discussion-about-blueprint-drawings-inside-oil-refinery-gas-1536x1025.jpg 1536w, https:\/\/komixchemical.com\/wp-content\/uploads\/2025\/08\/team-petroleum-chemical-engineer-discussion-about-blueprint-drawings-inside-oil-refinery-gas.jpg 2000w\" sizes=\"(max-width: 1024px) 100vw, 1024px\" \/>\t\t\t\t\t\t\t\t\t\t\t\t\t\t\t<\/div>\n\t\t\t\t<\/div>\n\t\t\t\t\t<\/div>\n\t\t\t\t<\/div>\n\t\t<div class=\"elementor-element elementor-element-26c0628 e-flex e-con-boxed e-con e-parent\" data-id=\"26c0628\" data-element_type=\"container\">\n\t\t\t\t\t<div class=\"e-con-inner\">\n\t\t<div class=\"elementor-element elementor-element-6c9eada e-con-full e-flex e-con e-child\" data-id=\"6c9eada\" data-element_type=\"container\">\n\t\t\t\t<div class=\"elementor-element elementor-element-d0a4173 elementor-widget elementor-widget-heading\" data-id=\"d0a4173\" data-element_type=\"widget\" data-widget_type=\"heading.default\">\n\t\t\t\t\t<h6 class=\"elementor-heading-title elementor-size-default\">Conocimientos espec\u00edficos para cada fase del desarrollo del producto<\/h6>\t\t\t\t<\/div>\n\t\t\t\t<div class=\"elementor-element elementor-element-3e2b6b0 elementor-widget elementor-widget-heading\" data-id=\"3e2b6b0\" data-element_type=\"widget\" data-widget_type=\"heading.default\">\n\t\t\t\t\t<h2 class=\"elementor-heading-title elementor-size-default\">Laboratorios especializados<\/h2>\t\t\t\t<\/div>\n\t\t\t\t<\/div>\n\t\t\t\t\t<\/div>\n\t\t\t\t<\/div>\n\t\t<div class=\"elementor-element elementor-element-2d2a1a59 e-grid e-con-boxed e-con e-parent\" data-id=\"2d2a1a59\" data-element_type=\"container\">\n\t\t\t\t\t<div class=\"e-con-inner\">\n\t\t<div class=\"elementor-element elementor-element-4a1feede e-con-full e-flex e-con e-child\" data-id=\"4a1feede\" data-element_type=\"container\" data-settings=\"{&quot;background_background&quot;:&quot;classic&quot;}\">\n\t\t\t\t<div class=\"elementor-element elementor-element-18a5787b elementor-widget elementor-widget-image\" data-id=\"18a5787b\" data-element_type=\"widget\" data-widget_type=\"image.default\">\n\t\t\t\t\t\t\t\t\t\t\t\t\t\t\t<img decoding=\"async\" width=\"1024\" height=\"683\" src=\"https:\/\/komixchemical.com\/wp-content\/uploads\/2025\/09\/researcher-with-beaker-1024x683.jpg\" class=\"attachment-large size-large wp-image-1120\" alt=\"\" srcset=\"https:\/\/komixchemical.com\/wp-content\/uploads\/2025\/09\/researcher-with-beaker-1024x683.jpg 1024w, https:\/\/komixchemical.com\/wp-content\/uploads\/2025\/09\/researcher-with-beaker-300x200.jpg 300w, https:\/\/komixchemical.com\/wp-content\/uploads\/2025\/09\/researcher-with-beaker-768x512.jpg 768w, https:\/\/komixchemical.com\/wp-content\/uploads\/2025\/09\/researcher-with-beaker-1536x1025.jpg 1536w, https:\/\/komixchemical.com\/wp-content\/uploads\/2025\/09\/researcher-with-beaker.jpg 2000w\" sizes=\"(max-width: 1024px) 100vw, 1024px\" \/>\t\t\t\t\t\t\t\t\t\t\t\t\t\t\t<\/div>\n\t\t<div class=\"elementor-element elementor-element-9d3d79e e-con-full e-flex e-con e-child\" data-id=\"9d3d79e\" data-element_type=\"container\">\n\t\t\t\t<div class=\"elementor-element elementor-element-7300d9c elementor-widget elementor-widget-heading\" data-id=\"7300d9c\" data-element_type=\"widget\" data-widget_type=\"heading.default\">\n\t\t\t\t\t<h3 class=\"elementor-heading-title elementor-size-default\">Laboratorio de productos<\/h3>\t\t\t\t<\/div>\n\t\t\t\t<div class=\"elementor-element elementor-element-a3395f8 elementor-widget elementor-widget-text-editor\" data-id=\"a3395f8\" data-element_type=\"widget\" data-widget_type=\"text-editor.default\">\n\t\t\t\t\t\t\t\t\tPrueba las propiedades f\u00edsicas y qu\u00edmicas de cada aditivo para verificar el cumplimiento de las normas internas e internacionales.\t\t\t\t\t\t\t\t<\/div>\n\t\t\t\t<\/div>\n\t\t\t\t<\/div>\n\t\t<div class=\"elementor-element elementor-element-4e1f020 e-con-full e-flex e-con e-child\" data-id=\"4e1f020\" data-element_type=\"container\" data-settings=\"{&quot;background_background&quot;:&quot;classic&quot;}\">\n\t\t\t\t<div class=\"elementor-element elementor-element-ce1a682 elementor-widget elementor-widget-image\" data-id=\"ce1a682\" data-element_type=\"widget\" data-widget_type=\"image.default\">\n\t\t\t\t\t\t\t\t\t\t\t\t\t\t\t<img decoding=\"async\" width=\"800\" height=\"533\" src=\"https:\/\/komixchemical.com\/wp-content\/uploads\/2025\/10\/51miz-E1422008-11888669.jpg\" class=\"attachment-large size-large wp-image-1348\" alt=\"\" srcset=\"https:\/\/komixchemical.com\/wp-content\/uploads\/2025\/10\/51miz-E1422008-11888669.jpg 800w, https:\/\/komixchemical.com\/wp-content\/uploads\/2025\/10\/51miz-E1422008-11888669-300x200.jpg 300w, https:\/\/komixchemical.com\/wp-content\/uploads\/2025\/10\/51miz-E1422008-11888669-768x512.jpg 768w\" sizes=\"(max-width: 800px) 100vw, 800px\" \/>\t\t\t\t\t\t\t\t\t\t\t\t\t\t\t<\/div>\n\t\t<div class=\"elementor-element elementor-element-203a714 e-con-full e-flex e-con e-child\" data-id=\"203a714\" data-element_type=\"container\">\n\t\t\t\t<div class=\"elementor-element elementor-element-898d88c elementor-widget elementor-widget-heading\" data-id=\"898d88c\" data-element_type=\"widget\" data-widget_type=\"heading.default\">\n\t\t\t\t\t<h3 class=\"elementor-heading-title elementor-size-default\">Laboratorio de aplicaciones<\/h3>\t\t\t\t<\/div>\n\t\t\t\t<div class=\"elementor-element elementor-element-b9d53c2 elementor-widget elementor-widget-text-editor\" data-id=\"b9d53c2\" data-element_type=\"widget\" data-widget_type=\"text-editor.default\">\n\t\t\t\t\t\t\t\t\tAjusta las f\u00f3rmulas a las distintas aplicaciones de los clientes para garantizar el mejor rendimiento in situ.\t\t\t\t\t\t\t\t<\/div>\n\t\t\t\t<\/div>\n\t\t\t\t<\/div>\n\t\t<div class=\"elementor-element elementor-element-46d6147 e-con-full e-flex e-con e-child\" data-id=\"46d6147\" data-element_type=\"container\" data-settings=\"{&quot;background_background&quot;:&quot;classic&quot;}\">\n\t\t\t\t<div class=\"elementor-element elementor-element-ba8acc7 elementor-widget elementor-widget-image\" data-id=\"ba8acc7\" data-element_type=\"widget\" data-widget_type=\"image.default\">\n\t\t\t\t\t\t\t\t\t\t\t\t\t\t\t<img loading=\"lazy\" decoding=\"async\" width=\"800\" height=\"533\" src=\"https:\/\/komixchemical.com\/wp-content\/uploads\/2025\/10\/51miz-E1464671-11953533.jpg\" class=\"attachment-large size-large wp-image-1331\" alt=\"\" srcset=\"https:\/\/komixchemical.com\/wp-content\/uploads\/2025\/10\/51miz-E1464671-11953533.jpg 800w, https:\/\/komixchemical.com\/wp-content\/uploads\/2025\/10\/51miz-E1464671-11953533-300x200.jpg 300w, https:\/\/komixchemical.com\/wp-content\/uploads\/2025\/10\/51miz-E1464671-11953533-768x512.jpg 768w\" sizes=\"(max-width: 800px) 100vw, 800px\" \/>\t\t\t\t\t\t\t\t\t\t\t\t\t\t\t<\/div>\n\t\t<div class=\"elementor-element elementor-element-0def31e e-con-full e-flex e-con e-child\" data-id=\"0def31e\" data-element_type=\"container\">\n\t\t\t\t<div class=\"elementor-element elementor-element-4e6c41f elementor-widget elementor-widget-heading\" data-id=\"4e6c41f\" data-element_type=\"widget\" data-widget_type=\"heading.default\">\n\t\t\t\t\t<h3 class=\"elementor-heading-title elementor-size-default\">Laboratorio de an\u00e1lisis de muestras<\/h3>\t\t\t\t<\/div>\n\t\t\t\t<div class=\"elementor-element elementor-element-cbbe191 elementor-widget elementor-widget-text-editor\" data-id=\"cbbe191\" data-element_type=\"widget\" data-widget_type=\"text-editor.default\">\n\t\t\t\t\t\t\t\t\tConserva las muestras enviadas y de los clientes para realizar an\u00e1lisis r\u00e1pidos, verificar la calidad y solucionar problemas.\t\t\t\t\t\t\t\t<\/div>\n\t\t\t\t<\/div>\n\t\t\t\t<\/div>\n\t\t\t\t\t<\/div>\n\t\t\t\t<\/div>\n\t\t<div class=\"elementor-element elementor-element-a29e253 e-flex e-con-boxed e-con e-parent\" data-id=\"a29e253\" data-element_type=\"container\" data-settings=\"{&quot;background_background&quot;:&quot;classic&quot;}\">\n\t\t\t\t\t<div class=\"e-con-inner\">\n\t\t<div class=\"elementor-element elementor-element-0aa18a2 e-con-full e-flex e-con e-child\" data-id=\"0aa18a2\" data-element_type=\"container\">\n\t\t\t\t<div class=\"elementor-element elementor-element-0b4ee35 elementor-invisible elementor-widget elementor-widget-image\" data-id=\"0b4ee35\" data-element_type=\"widget\" data-settings=\"{&quot;_animation&quot;:&quot;fadeInRight&quot;,&quot;_animation_delay&quot;:200}\" data-widget_type=\"image.default\">\n\t\t\t\t\t\t\t\t\t\t\t\t\t\t\t<img loading=\"lazy\" decoding=\"async\" width=\"800\" height=\"533\" src=\"https:\/\/komixchemical.com\/wp-content\/uploads\/2025\/10\/Reactor-inside-a-large-factory-of-komix-manufacturer-34.jpg\" class=\"attachment-full size-full wp-image-1349\" alt=\"\" srcset=\"https:\/\/komixchemical.com\/wp-content\/uploads\/2025\/10\/Reactor-inside-a-large-factory-of-komix-manufacturer-34.jpg 800w, https:\/\/komixchemical.com\/wp-content\/uploads\/2025\/10\/Reactor-inside-a-large-factory-of-komix-manufacturer-34-300x200.jpg 300w, https:\/\/komixchemical.com\/wp-content\/uploads\/2025\/10\/Reactor-inside-a-large-factory-of-komix-manufacturer-34-768x512.jpg 768w\" sizes=\"(max-width: 800px) 100vw, 800px\" \/>\t\t\t\t\t\t\t\t\t\t\t\t\t\t\t<\/div>\n\t\t\t\t<\/div>\n\t\t<div class=\"elementor-element elementor-element-87d208c e-con-full e-flex e-con e-child\" data-id=\"87d208c\" data-element_type=\"container\">\n\t\t\t\t<div class=\"elementor-element elementor-element-cbf671d elementor-widget elementor-widget-heading\" data-id=\"cbf671d\" data-element_type=\"widget\" data-widget_type=\"heading.default\">\n\t\t\t\t\t<h2 class=\"elementor-heading-title elementor-size-default\">Equipos avanzados y producci\u00f3n automatizada<\/h2>\t\t\t\t<\/div>\n\t\t\t\t<div class=\"elementor-element elementor-element-b14efbf elementor-widget elementor-widget-text-editor\" data-id=\"b14efbf\" data-element_type=\"widget\" data-widget_type=\"text-editor.default\">\n\t\t\t\t\t\t\t\t\tNuestro centro de I+D est\u00e1 equipado con modernos instrumentos anal\u00edticos, reactores a escala piloto y herramientas de simulaci\u00f3n que reflejan la producci\u00f3n a escala real. Combinados con sistemas de fabricaci\u00f3n totalmente automatizados, garantizamos que cada lote se produzca con la misma precisi\u00f3n que el prototipo de laboratorio. Esta infraestructura acorta el plazo de comercializaci\u00f3n y garantiza la uniformidad de cada pedido.\t\t\t\t\t\t\t\t<\/div>\n\t\t\t\t<div class=\"elementor-element elementor-element-0eb888b elementor-widget elementor-widget-spacer\" data-id=\"0eb888b\" data-element_type=\"widget\" data-widget_type=\"spacer.default\">\n\t\t\t\t\t\t\t<div class=\"elementor-spacer\">\n\t\t\t<div class=\"elementor-spacer-inner\"><\/div>\n\t\t<\/div>\n\t\t\t\t\t\t<\/div>\n\t\t\t\t<\/div>\n\t\t\t\t\t<\/div>\n\t\t\t\t<\/div>\n\t\t<div class=\"elementor-element elementor-element-03df3b6 e-flex e-con-boxed e-con e-parent\" data-id=\"03df3b6\" data-element_type=\"container\">\n\t\t\t\t\t<div class=\"e-con-inner\">\n\t\t<div class=\"elementor-element elementor-element-358b92e e-con-full e-flex e-con e-child\" data-id=\"358b92e\" data-element_type=\"container\">\n\t\t\t\t<div class=\"elementor-element elementor-element-bbd0143 elementor-widget elementor-widget-heading\" data-id=\"bbd0143\" data-element_type=\"widget\" data-widget_type=\"heading.default\">\n\t\t\t\t\t<h6 class=\"elementor-heading-title elementor-size-default\">Innovaci\u00f3n impulsada por las asociaciones<\/h6>\t\t\t\t<\/div>\n\t\t\t\t<div class=\"elementor-element elementor-element-febf669 elementor-widget elementor-widget-heading\" data-id=\"febf669\" data-element_type=\"widget\" data-widget_type=\"heading.default\">\n\t\t\t\t\t<h2 class=\"elementor-heading-title elementor-size-default\">Colaboraci\u00f3n y mejora continua<\/h2>\t\t\t\t<\/div>\n\t\t\t\t<div class=\"elementor-element elementor-element-c125d81 elementor-widget elementor-widget-text-editor\" data-id=\"c125d81\" data-element_type=\"widget\" data-widget_type=\"text-editor.default\">\n\t\t\t\t\t\t\t\t\tKOMIX colabora con universidades, institutos de investigaci\u00f3n y socios industriales para adelantarse a los requisitos normativos y de rendimiento. Los comentarios de los clientes se incorporan a nuestro ciclo de desarrollo, lo que nos permite mejorar continuamente las f\u00f3rmulas, los procesos y el servicio para ofrecer resultados a\u00fan mejores.\t\t\t\t\t\t\t\t<\/div>\n\t\t\t\t<\/div>\n\t\t<div class=\"elementor-element elementor-element-314762c e-con-full e-flex e-con e-child\" data-id=\"314762c\" data-element_type=\"container\">\n\t\t\t\t<div class=\"elementor-element elementor-element-c5518f4 elementor-invisible elementor-widget elementor-widget-image\" data-id=\"c5518f4\" data-element_type=\"widget\" data-settings=\"{&quot;_animation&quot;:&quot;fadeInRight&quot;,&quot;_animation_delay&quot;:200}\" data-widget_type=\"image.default\">\n\t\t\t\t\t\t\t\t\t\t\t\t\t\t\t<img loading=\"lazy\" decoding=\"async\" width=\"2000\" height=\"1333\" src=\"https:\/\/komixchemical.com\/wp-content\/uploads\/2025\/07\/scientist-or-doctor-in-blue-gloves-pouring-some-yellow-liquid-into-a-flask.jpg\" class=\"attachment-full size-full wp-image-281\" alt=\"Scientist or doctor in blue gloves pouring some yellow liquid into a flask\" srcset=\"https:\/\/komixchemical.com\/wp-content\/uploads\/2025\/07\/scientist-or-doctor-in-blue-gloves-pouring-some-yellow-liquid-into-a-flask.jpg 2000w, https:\/\/komixchemical.com\/wp-content\/uploads\/2025\/07\/scientist-or-doctor-in-blue-gloves-pouring-some-yellow-liquid-into-a-flask-300x200.jpg 300w, https:\/\/komixchemical.com\/wp-content\/uploads\/2025\/07\/scientist-or-doctor-in-blue-gloves-pouring-some-yellow-liquid-into-a-flask-1024x682.jpg 1024w, https:\/\/komixchemical.com\/wp-content\/uploads\/2025\/07\/scientist-or-doctor-in-blue-gloves-pouring-some-yellow-liquid-into-a-flask-768x512.jpg 768w, https:\/\/komixchemical.com\/wp-content\/uploads\/2025\/07\/scientist-or-doctor-in-blue-gloves-pouring-some-yellow-liquid-into-a-flask-1536x1024.jpg 1536w\" sizes=\"(max-width: 2000px) 100vw, 2000px\" \/>\t\t\t\t\t\t\t\t\t\t\t\t\t\t\t<\/div>\n\t\t\t\t<\/div>\n\t\t\t\t\t<\/div>\n\t\t\t\t<\/div>\n\t\t\t\t<\/div>","protected":false},"excerpt":{"rendered":"<p>KOMIX R&amp;D Center At KOMIX, research and development is the engine that drives our growth and our customers\u2019 success. By [&hellip;]<\/p>","protected":false},"author":1,"featured_media":0,"parent":323,"menu_order":0,"comment_status":"closed","ping_status":"closed","template":"","meta":{"site-sidebar-layout":"default","site-content-layout":"","ast-site-content-layout":"default","site-content-style":"default","site-sidebar-style":"default","ast-global-header-display":"","ast-banner-title-visibility":"","ast-main-header-display":"","ast-hfb-above-header-display":"","ast-hfb-below-header-display":"","ast-hfb-mobile-header-display":"","site-post-title":"","ast-breadcrumbs-content":"","ast-featured-img":"","footer-sml-layout":"","theme-transparent-header-meta":"","adv-header-id-meta":"","stick-header-meta":"","header-above-stick-meta":"","header-main-stick-meta":"","header-below-stick-meta":"","astra-migrate-meta-layouts":"default","ast-page-background-enabled":"default","ast-page-background-meta":{"desktop":{"background-color":"var(--ast-global-color-5)","background-image":"","background-repeat":"repeat","background-position":"center center","background-size":"auto","background-attachment":"scroll","background-type":"","background-media":"","overlay-type":"","overlay-color":"","overlay-opacity":"","overlay-gradient":""},"tablet":{"background-color":"","background-image":"","background-repeat":"repeat","background-position":"center center","background-size":"auto","background-attachment":"scroll","background-type":"","background-media":"","overlay-type":"","overlay-color":"","overlay-opacity":"","overlay-gradient":""},"mobile":{"background-color":"","background-image":"","background-repeat":"repeat","background-position":"center center","background-size":"auto","background-attachment":"scroll","background-type":"","background-media":"","overlay-type":"","overlay-color":"","overlay-opacity":"","overlay-gradient":""}},"ast-content-background-meta":{"desktop":{"background-color":"var(--ast-global-color-4)","background-image":"","background-repeat":"repeat","background-position":"center center","background-size":"auto","background-attachment":"scroll","background-type":"","background-media":"","overlay-type":"","overlay-color":"","overlay-opacity":"","overlay-gradient":""},"tablet":{"background-color":"var(--ast-global-color-4)","background-image":"","background-repeat":"repeat","background-position":"center center","background-size":"auto","background-attachment":"scroll","background-type":"","background-media":"","overlay-type":"","overlay-color":"","overlay-opacity":"","overlay-gradient":""},"mobile":{"background-color":"var(--ast-global-color-4)","background-image":"","background-repeat":"repeat","background-position":"center center","background-size":"auto","background-attachment":"scroll","background-type":"","background-media":"","overlay-type":"","overlay-color":"","overlay-opacity":"","overlay-gradient":""}},"footnotes":""},"class_list":["post-1239","page","type-page","status-publish","hentry"],"_links":{"self":[{"href":"https:\/\/komixchemical.com\/es\/wp-json\/wp\/v2\/pages\/1239","targetHints":{"allow":["GET"]}}],"collection":[{"href":"https:\/\/komixchemical.com\/es\/wp-json\/wp\/v2\/pages"}],"about":[{"href":"https:\/\/komixchemical.com\/es\/wp-json\/wp\/v2\/types\/page"}],"author":[{"embeddable":true,"href":"https:\/\/komixchemical.com\/es\/wp-json\/wp\/v2\/users\/1"}],"replies":[{"embeddable":true,"href":"https:\/\/komixchemical.com\/es\/wp-json\/wp\/v2\/comments?post=1239"}],"version-history":[{"count":13,"href":"https:\/\/komixchemical.com\/es\/wp-json\/wp\/v2\/pages\/1239\/revisions"}],"predecessor-version":[{"id":1355,"href":"https:\/\/komixchemical.com\/es\/wp-json\/wp\/v2\/pages\/1239\/revisions\/1355"}],"up":[{"embeddable":true,"href":"https:\/\/komixchemical.com\/es\/wp-json\/wp\/v2\/pages\/323"}],"wp:attachment":[{"href":"https:\/\/komixchemical.com\/es\/wp-json\/wp\/v2\/media?parent=1239"}],"curies":[{"name":"wp","href":"https:\/\/api.w.org\/{rel}","templated":true}]}}