{"id":1210,"date":"2025-09-27T06:31:22","date_gmt":"2025-09-27T06:31:22","guid":{"rendered":"https:\/\/komixchemical.com\/?page_id=1210"},"modified":"2025-10-13T12:30:22","modified_gmt":"2025-10-13T12:30:22","slug":"sample-testing-services","status":"publish","type":"page","link":"https:\/\/komixchemical.com\/es\/service\/sample-testing-services\/","title":{"rendered":"Servicios de an\u00e1lisis de muestras"},"content":{"rendered":"<div data-elementor-type=\"wp-page\" data-elementor-id=\"1210\" class=\"elementor elementor-1210\" data-elementor-post-type=\"page\">\n\t\t\t\t<div class=\"elementor-element elementor-element-5ec9275 e-flex e-con-boxed e-con e-parent\" data-id=\"5ec9275\" data-element_type=\"container\" data-settings=\"{&quot;background_background&quot;:&quot;classic&quot;}\">\n\t\t\t\t\t<div class=\"e-con-inner\">\n\t\t<div class=\"elementor-element elementor-element-a8ac690 e-con-full e-flex e-con e-child\" data-id=\"a8ac690\" data-element_type=\"container\">\n\t\t\t\t<div class=\"elementor-element elementor-element-c966b27 elementor-invisible elementor-widget elementor-widget-heading\" data-id=\"c966b27\" data-element_type=\"widget\" data-settings=\"{&quot;_animation&quot;:&quot;fadeInUp&quot;,&quot;_animation_delay&quot;:200}\" data-widget_type=\"heading.default\">\n\t\t\t\t\t<h1 class=\"elementor-heading-title elementor-size-default\">Servicios de pruebas de muestras KOMIX: datos fiables antes y despu\u00e9s de la compra<\/h1>\t\t\t\t<\/div>\n\t\t\t\t<div class=\"elementor-element elementor-element-112face elementor-invisible elementor-widget elementor-widget-heading\" data-id=\"112face\" data-element_type=\"widget\" data-settings=\"{&quot;_animation&quot;:&quot;fadeInUp&quot;,&quot;_animation_delay&quot;:300}\" data-widget_type=\"heading.default\">\n\t\t\t\t\t<h4 class=\"elementor-heading-title elementor-size-default\">Desde pruebas de muestras gratuitas hasta pruebas de lotes retenidos y an\u00e1lisis de muestras suministradas por el cliente, KOMIX proporciona datos de laboratorio fiables para orientar sus decisiones y mantener sus operaciones en perfecto funcionamiento.<\/h4>\t\t\t\t<\/div>\n\t\t\t\t<\/div>\n\t\t\t\t\t<\/div>\n\t\t\t\t<\/div>\n\t\t<div class=\"elementor-element elementor-element-5206029 e-flex e-con-boxed e-con e-parent\" data-id=\"5206029\" data-element_type=\"container\">\n\t\t\t\t\t<div class=\"e-con-inner\">\n\t\t<div class=\"elementor-element elementor-element-af810b7 e-con-full e-flex e-con e-child\" data-id=\"af810b7\" data-element_type=\"container\">\n\t\t\t\t<div class=\"elementor-element elementor-element-7eb9838 elementor-widget elementor-widget-image\" data-id=\"7eb9838\" data-element_type=\"widget\" data-widget_type=\"image.default\">\n\t\t\t\t\t\t\t\t\t\t\t\t\t\t\t<img fetchpriority=\"high\" decoding=\"async\" width=\"800\" height=\"450\" src=\"https:\/\/komixchemical.com\/wp-content\/uploads\/2025\/09\/51miz-E1464680-11953551.jpg\" class=\"attachment-large size-large wp-image-966\" alt=\"\" srcset=\"https:\/\/komixchemical.com\/wp-content\/uploads\/2025\/09\/51miz-E1464680-11953551.jpg 800w, https:\/\/komixchemical.com\/wp-content\/uploads\/2025\/09\/51miz-E1464680-11953551-300x169.jpg 300w, https:\/\/komixchemical.com\/wp-content\/uploads\/2025\/09\/51miz-E1464680-11953551-768x432.jpg 768w\" sizes=\"(max-width: 800px) 100vw, 800px\" \/>\t\t\t\t\t\t\t\t\t\t\t\t\t\t\t<\/div>\n\t\t\t\t<\/div>\n\t\t<div class=\"elementor-element elementor-element-95fd16d e-con-full e-flex e-con e-child\" data-id=\"95fd16d\" data-element_type=\"container\" data-settings=\"{&quot;background_background&quot;:&quot;classic&quot;}\">\n\t\t\t\t<div class=\"elementor-element elementor-element-b967ff8 elementor-widget elementor-widget-heading\" data-id=\"b967ff8\" data-element_type=\"widget\" data-widget_type=\"heading.default\">\n\t\t\t\t\t<h2 class=\"elementor-heading-title elementor-size-default\">Nuestro enfoque de las pruebas de muestras<\/h2>\t\t\t\t<\/div>\n\t\t\t\t<div class=\"elementor-element elementor-element-6b9a446 elementor-widget elementor-widget-text-editor\" data-id=\"6b9a446\" data-element_type=\"widget\" data-widget_type=\"text-editor.default\">\n\t\t\t\t\t\t\t\t\tElegir el aditivo qu\u00edmico adecuado es m\u00e1s f\u00e1cil con pruebas precisas. KOMIX cuenta con varios laboratorios especializados para evaluar el rendimiento de los productos en condiciones reales, conservar muestras de referencia de cada lote y analizar las muestras suministradas por los clientes. Esto garantiza la transparencia, la trazabilidad y la confianza en cada etapa.\t\t\t\t\t\t\t\t<\/div>\n\t\t\t\t<div class=\"elementor-element elementor-element-fba5820 elementor-widget elementor-widget-spacer\" data-id=\"fba5820\" data-element_type=\"widget\" data-widget_type=\"spacer.default\">\n\t\t\t\t\t\t\t<div class=\"elementor-spacer\">\n\t\t\t<div class=\"elementor-spacer-inner\"><\/div>\n\t\t<\/div>\n\t\t\t\t\t\t<\/div>\n\t\t\t\t<\/div>\n\t\t\t\t\t<\/div>\n\t\t\t\t<\/div>\n\t\t<div class=\"elementor-element elementor-element-979badd e-flex e-con-boxed e-con e-parent\" data-id=\"979badd\" data-element_type=\"container\">\n\t\t\t\t\t<div class=\"e-con-inner\">\n\t\t\t\t<div class=\"elementor-element elementor-element-01f933c elementor-widget elementor-widget-heading\" data-id=\"01f933c\" data-element_type=\"widget\" data-widget_type=\"heading.default\">\n\t\t\t\t\t<h2 class=\"elementor-heading-title elementor-size-default\">Servicios de pruebas de muestras clave<\/h2>\t\t\t\t<\/div>\n\t\t\t\t\t<\/div>\n\t\t\t\t<\/div>\n\t\t<div class=\"elementor-element elementor-element-ffc0a75 e-flex e-con-boxed e-con e-parent\" data-id=\"ffc0a75\" data-element_type=\"container\">\n\t\t\t\t\t<div class=\"e-con-inner\">\n\t\t<div class=\"elementor-element elementor-element-424a17e e-con-full e-flex e-con e-child\" data-id=\"424a17e\" data-element_type=\"container\">\n\t\t\t\t<div class=\"elementor-element elementor-element-1e9299a elementor-widget elementor-widget-heading\" data-id=\"1e9299a\" data-element_type=\"widget\" data-widget_type=\"heading.default\">\n\t\t\t\t\t<h3 class=\"elementor-heading-title elementor-size-default\">Evaluaci\u00f3n gratuita de muestras<\/h3>\t\t\t\t<\/div>\n\t\t\t\t<div class=\"elementor-element elementor-element-4bd27d7 elementor-widget elementor-widget-text-editor\" data-id=\"4bd27d7\" data-element_type=\"widget\" data-widget_type=\"text-editor.default\">\n\t\t\t\t\t\t\t\t\tPruebe nuestros secuestrantes triaz\u00ednicos o no triaz\u00ednicos en su propio sistema antes de comprometerse a utilizarlos a gran escala. Le orientaremos sobre la aplicaci\u00f3n y la recogida de datos.\t\t\t\t\t\t\t\t<\/div>\n\t\t\t\t<div class=\"elementor-element elementor-element-fe999af elementor-widget elementor-widget-heading\" data-id=\"fe999af\" data-element_type=\"widget\" data-widget_type=\"heading.default\">\n\t\t\t\t\t<h3 class=\"elementor-heading-title elementor-size-default\">Muestras de lotes retenidas<\/h3>\t\t\t\t<\/div>\n\t\t\t\t<div class=\"elementor-element elementor-element-cb48660 elementor-widget elementor-widget-text-editor\" data-id=\"cb48660\" data-element_type=\"widget\" data-widget_type=\"text-editor.default\">\n\t\t\t\t\t\t\t\t\tCada env\u00edo de KOMIX tiene una muestra retenida almacenada en nuestros laboratorios. Si alguna vez necesita verificar o solucionar problemas, podemos analizar la muestra retenida r\u00e1pidamente para confirmar la calidad y el rendimiento.\t\t\t\t\t\t\t\t<\/div>\n\t\t\t\t<div class=\"elementor-element elementor-element-e0744af elementor-widget elementor-widget-heading\" data-id=\"e0744af\" data-element_type=\"widget\" data-widget_type=\"heading.default\">\n\t\t\t\t\t<h3 class=\"elementor-heading-title elementor-size-default\">An\u00e1lisis de muestras suministradas por el cliente<\/h3>\t\t\t\t<\/div>\n\t\t\t\t<div class=\"elementor-element elementor-element-1e52df3 elementor-widget elementor-widget-text-editor\" data-id=\"1e52df3\" data-element_type=\"widget\" data-widget_type=\"text-editor.default\">\n\t\t\t\t\t\t\t\t\tEnv\u00edenos una muestra de su petr\u00f3leo crudo, gas natural o corriente de proceso. Nuestro laboratorio de aplicaciones analizar\u00e1 el contenido de H\u2082S y las condiciones para recomendarle el secuestrante y la estrategia de dosificaci\u00f3n m\u00e1s eficaces.\t\t\t\t\t\t\t\t<\/div>\n\t\t\t\t<\/div>\n\t\t<div class=\"elementor-element elementor-element-482cf2c e-con-full e-flex e-con e-child\" data-id=\"482cf2c\" data-element_type=\"container\">\n\t\t\t\t<div class=\"elementor-element elementor-element-0ac614d elementor-widget elementor-widget-image\" data-id=\"0ac614d\" data-element_type=\"widget\" data-widget_type=\"image.default\">\n\t\t\t\t\t\t\t\t\t\t\t\t\t\t\t<img decoding=\"async\" width=\"800\" height=\"600\" src=\"https:\/\/komixchemical.com\/wp-content\/uploads\/2025\/10\/Komix-Triazine-H2S-scavenger-46.jpg\" class=\"attachment-large size-large wp-image-1401\" alt=\"\" srcset=\"https:\/\/komixchemical.com\/wp-content\/uploads\/2025\/10\/Komix-Triazine-H2S-scavenger-46.jpg 800w, https:\/\/komixchemical.com\/wp-content\/uploads\/2025\/10\/Komix-Triazine-H2S-scavenger-46-300x225.jpg 300w, https:\/\/komixchemical.com\/wp-content\/uploads\/2025\/10\/Komix-Triazine-H2S-scavenger-46-768x576.jpg 768w\" sizes=\"(max-width: 800px) 100vw, 800px\" \/>\t\t\t\t\t\t\t\t\t\t\t\t\t\t\t<\/div>\n\t\t\t\t<\/div>\n\t\t\t\t\t<\/div>\n\t\t\t\t<\/div>\n\t\t<div class=\"elementor-element elementor-element-9b45eab e-flex e-con-boxed e-con e-parent\" data-id=\"9b45eab\" data-element_type=\"container\">\n\t\t\t\t\t<div class=\"e-con-inner\">\n\t\t\t\t<div class=\"elementor-element elementor-element-7ec8037 elementor-widget elementor-widget-button\" data-id=\"7ec8037\" data-element_type=\"widget\" data-widget_type=\"button.default\">\n\t\t\t\t\t\t\t\t\t\t<a class=\"elementor-button elementor-button-link elementor-size-sm\" href=\"#elementor-action%3Aaction%3Dpopup%3Aopen%26settings%3DeyJpZCI6IjEyNTUiLCJ0b2dnbGUiOmZhbHNlfQ%3D%3D\">\n\t\t\t\t\t\t<span class=\"elementor-button-content-wrapper\">\n\t\t\t\t\t\t\t\t\t<span class=\"elementor-button-text\">Solicite hoy mismo su muestra gratuita<\/span>\n\t\t\t\t\t<\/span>\n\t\t\t\t\t<\/a>\n\t\t\t\t\t\t\t\t<\/div>\n\t\t\t\t\t<\/div>\n\t\t\t\t<\/div>\n\t\t\t\t<\/div>","protected":false},"excerpt":{"rendered":"<p>KOMIX Sample Testing Services \u2013 Data You Can Trust Before and After Purchase From free sample trials to retained-batch testing [&hellip;]<\/p>","protected":false},"author":1,"featured_media":0,"parent":746,"menu_order":0,"comment_status":"closed","ping_status":"closed","template":"elementor_header_footer","meta":{"site-sidebar-layout":"default","site-content-layout":"","ast-site-content-layout":"default","site-content-style":"default","site-sidebar-style":"default","ast-global-header-display":"","ast-banner-title-visibility":"","ast-main-header-display":"","ast-hfb-above-header-display":"","ast-hfb-below-header-display":"","ast-hfb-mobile-header-display":"","site-post-title":"","ast-breadcrumbs-content":"","ast-featured-img":"","footer-sml-layout":"","theme-transparent-header-meta":"","adv-header-id-meta":"","stick-header-meta":"","header-above-stick-meta":"","header-main-stick-meta":"","header-below-stick-meta":"","astra-migrate-meta-layouts":"default","ast-page-background-enabled":"default","ast-page-background-meta":{"desktop":{"background-color":"var(--ast-global-color-5)","background-image":"","background-repeat":"repeat","background-position":"center center","background-size":"auto","background-attachment":"scroll","background-type":"","background-media":"","overlay-type":"","overlay-color":"","overlay-opacity":"","overlay-gradient":""},"tablet":{"background-color":"","background-image":"","background-repeat":"repeat","background-position":"center center","background-size":"auto","background-attachment":"scroll","background-type":"","background-media":"","overlay-type":"","overlay-color":"","overlay-opacity":"","overlay-gradient":""},"mobile":{"background-color":"","background-image":"","background-repeat":"repeat","background-position":"center center","background-size":"auto","background-attachment":"scroll","background-type":"","background-media":"","overlay-type":"","overlay-color":"","overlay-opacity":"","overlay-gradient":""}},"ast-content-background-meta":{"desktop":{"background-color":"var(--ast-global-color-4)","background-image":"","background-repeat":"repeat","background-position":"center center","background-size":"auto","background-attachment":"scroll","background-type":"","background-media":"","overlay-type":"","overlay-color":"","overlay-opacity":"","overlay-gradient":""},"tablet":{"background-color":"var(--ast-global-color-4)","background-image":"","background-repeat":"repeat","background-position":"center center","background-size":"auto","background-attachment":"scroll","background-type":"","background-media":"","overlay-type":"","overlay-color":"","overlay-opacity":"","overlay-gradient":""},"mobile":{"background-color":"var(--ast-global-color-4)","background-image":"","background-repeat":"repeat","background-position":"center center","background-size":"auto","background-attachment":"scroll","background-type":"","background-media":"","overlay-type":"","overlay-color":"","overlay-opacity":"","overlay-gradient":""}},"footnotes":""},"class_list":["post-1210","page","type-page","status-publish","hentry"],"_links":{"self":[{"href":"https:\/\/komixchemical.com\/es\/wp-json\/wp\/v2\/pages\/1210","targetHints":{"allow":["GET"]}}],"collection":[{"href":"https:\/\/komixchemical.com\/es\/wp-json\/wp\/v2\/pages"}],"about":[{"href":"https:\/\/komixchemical.com\/es\/wp-json\/wp\/v2\/types\/page"}],"author":[{"embeddable":true,"href":"https:\/\/komixchemical.com\/es\/wp-json\/wp\/v2\/users\/1"}],"replies":[{"embeddable":true,"href":"https:\/\/komixchemical.com\/es\/wp-json\/wp\/v2\/comments?post=1210"}],"version-history":[{"count":7,"href":"https:\/\/komixchemical.com\/es\/wp-json\/wp\/v2\/pages\/1210\/revisions"}],"predecessor-version":[{"id":1404,"href":"https:\/\/komixchemical.com\/es\/wp-json\/wp\/v2\/pages\/1210\/revisions\/1404"}],"up":[{"embeddable":true,"href":"https:\/\/komixchemical.com\/es\/wp-json\/wp\/v2\/pages\/746"}],"wp:attachment":[{"href":"https:\/\/komixchemical.com\/es\/wp-json\/wp\/v2\/media?parent=1210"}],"curies":[{"name":"wp","href":"https:\/\/api.w.org\/{rel}","templated":true}]}}