{"id":1209,"date":"2025-09-27T01:41:38","date_gmt":"2025-09-27T01:41:38","guid":{"rendered":"https:\/\/komixchemical.com\/?page_id=1209"},"modified":"2025-10-13T12:17:47","modified_gmt":"2025-10-13T12:17:47","slug":"post-sales-services","status":"publish","type":"page","link":"https:\/\/komixchemical.com\/es\/service\/post-sales-services\/","title":{"rendered":"Servicios postventa"},"content":{"rendered":"<div data-elementor-type=\"wp-page\" data-elementor-id=\"1209\" class=\"elementor elementor-1209\" data-elementor-post-type=\"page\">\n\t\t\t\t<div class=\"elementor-element elementor-element-5ec9275 e-flex e-con-boxed e-con e-parent\" data-id=\"5ec9275\" data-element_type=\"container\" data-settings=\"{&quot;background_background&quot;:&quot;classic&quot;}\">\n\t\t\t\t\t<div class=\"e-con-inner\">\n\t\t<div class=\"elementor-element elementor-element-a8ac690 e-con-full e-flex e-con e-child\" data-id=\"a8ac690\" data-element_type=\"container\">\n\t\t\t\t<div class=\"elementor-element elementor-element-c966b27 elementor-invisible elementor-widget elementor-widget-heading\" data-id=\"c966b27\" data-element_type=\"widget\" data-settings=\"{&quot;_animation&quot;:&quot;fadeInUp&quot;,&quot;_animation_delay&quot;:200}\" data-widget_type=\"heading.default\">\n\t\t\t\t\t<h1 class=\"elementor-heading-title elementor-size-default\">Servicios postventa KOMIX: asistencia continua para un rendimiento duradero<\/h1>\t\t\t\t<\/div>\n\t\t\t\t<div class=\"elementor-element elementor-element-112face elementor-invisible elementor-widget elementor-widget-heading\" data-id=\"112face\" data-element_type=\"widget\" data-settings=\"{&quot;_animation&quot;:&quot;fadeInUp&quot;,&quot;_animation_delay&quot;:300}\" data-widget_type=\"heading.default\">\n\t\t\t\t\t<h4 class=\"elementor-heading-title elementor-size-default\">Nuestra relaci\u00f3n no termina con la entrega. KOMIX ofrece asistencia t\u00e9cnica continua, seguimiento de productos y servicios de optimizaci\u00f3n para garantizar que sus operaciones se desarrollen sin problemas.<\/h4>\t\t\t\t<\/div>\n\t\t\t\t<\/div>\n\t\t\t\t\t<\/div>\n\t\t\t\t<\/div>\n\t\t<div class=\"elementor-element elementor-element-5206029 e-flex e-con-boxed e-con e-parent\" data-id=\"5206029\" data-element_type=\"container\">\n\t\t\t\t\t<div class=\"e-con-inner\">\n\t\t<div class=\"elementor-element elementor-element-95fd16d e-con-full e-flex e-con e-child\" data-id=\"95fd16d\" data-element_type=\"container\">\n\t\t\t\t<div class=\"elementor-element elementor-element-b967ff8 elementor-widget elementor-widget-heading\" data-id=\"b967ff8\" data-element_type=\"widget\" data-widget_type=\"heading.default\">\n\t\t\t\t\t<h2 class=\"elementor-heading-title elementor-size-default\">Nuestro compromiso postventa<\/h2>\t\t\t\t<\/div>\n\t\t\t\t<div class=\"elementor-element elementor-element-6b9a446 elementor-widget elementor-widget-text-editor\" data-id=\"6b9a446\" data-element_type=\"widget\" data-widget_type=\"text-editor.default\">\n\t\t\t\t\t\t\t\t\tEn KOMIX, el servicio posventa significa algo m\u00e1s que responder preguntas. Apoyamos a su equipo de forma proactiva, supervisamos el rendimiento del producto y proporcionamos recomendaciones basadas en datos. Esto le ayuda a mantener la eficiencia del sistema, prolongar la vida \u00fatil del equipo y maximizar el rendimiento de su programa de productos qu\u00edmicos.\t\t\t\t\t\t\t\t<\/div>\n\t\t\t\t<div class=\"elementor-element elementor-element-c0ef1c5 elementor-widget elementor-widget-button\" data-id=\"c0ef1c5\" data-element_type=\"widget\" data-widget_type=\"button.default\">\n\t\t\t\t\t\t\t\t\t\t<a class=\"elementor-button elementor-button-link elementor-size-sm\" href=\"https:\/\/komixchemical.com\/es\/contact-us\/\" target=\"_blank\">\n\t\t\t\t\t\t<span class=\"elementor-button-content-wrapper\">\n\t\t\t\t\t\t\t\t\t<span class=\"elementor-button-text\">contacto KOMIX<\/span>\n\t\t\t\t\t<\/span>\n\t\t\t\t\t<\/a>\n\t\t\t\t\t\t\t\t<\/div>\n\t\t\t\t<div class=\"elementor-element elementor-element-fba5820 elementor-widget elementor-widget-spacer\" data-id=\"fba5820\" data-element_type=\"widget\" data-widget_type=\"spacer.default\">\n\t\t\t\t\t\t\t<div class=\"elementor-spacer\">\n\t\t\t<div class=\"elementor-spacer-inner\"><\/div>\n\t\t<\/div>\n\t\t\t\t\t\t<\/div>\n\t\t\t\t<\/div>\n\t\t<div class=\"elementor-element elementor-element-7a59566 e-con-full e-grid e-con e-child\" data-id=\"7a59566\" data-element_type=\"container\">\n\t\t<div class=\"elementor-element elementor-element-ab2a609 e-con-full e-flex e-con e-child\" data-id=\"ab2a609\" data-element_type=\"container\">\n\t\t\t\t<div class=\"elementor-element elementor-element-64c2c58 elementor-widget elementor-widget-heading\" data-id=\"64c2c58\" data-element_type=\"widget\" data-widget_type=\"heading.default\">\n\t\t\t\t\t<h3 class=\"elementor-heading-title elementor-size-default\">Control del rendimiento<\/h3>\t\t\t\t<\/div>\n\t\t\t\t<div class=\"elementor-element elementor-element-7d9affb elementor-widget elementor-widget-text-editor\" data-id=\"7d9affb\" data-element_type=\"widget\" data-widget_type=\"text-editor.default\">\n\t\t\t\t\t\t\t\t\tLe ayudamos a realizar un seguimiento de los niveles de H\u2082S, la dosificaci\u00f3n y la eficacia de nuestros secuestrantes en su explotaci\u00f3n. Nuestros especialistas analizan los datos y sugieren ajustes para mejorar el rendimiento.\t\t\t\t\t\t\t\t<\/div>\n\t\t\t\t<\/div>\n\t\t<div class=\"elementor-element elementor-element-ce2324e e-con-full e-flex e-con e-child\" data-id=\"ce2324e\" data-element_type=\"container\">\n\t\t\t\t<div class=\"elementor-element elementor-element-06cad4e elementor-widget elementor-widget-heading\" data-id=\"06cad4e\" data-element_type=\"widget\" data-widget_type=\"heading.default\">\n\t\t\t\t\t<h3 class=\"elementor-heading-title elementor-size-default\">Retenci\u00f3n y an\u00e1lisis de muestras<\/h3>\t\t\t\t<\/div>\n\t\t\t\t<div class=\"elementor-element elementor-element-a5e30ed elementor-widget elementor-widget-text-editor\" data-id=\"a5e30ed\" data-element_type=\"widget\" data-widget_type=\"text-editor.default\">\n\t\t\t\t\t\t\t\t\tCada lote que enviamos tiene una muestra retenida almacenada en nuestros laboratorios. Esto nos permite verificar la calidad, solucionar problemas y responder r\u00e1pidamente a sus preguntas.\t\t\t\t\t\t\t\t<\/div>\n\t\t\t\t<\/div>\n\t\t<div class=\"elementor-element elementor-element-1d6bf61 e-con-full e-flex e-con e-child\" data-id=\"1d6bf61\" data-element_type=\"container\">\n\t\t\t\t<div class=\"elementor-element elementor-element-d30102f elementor-widget elementor-widget-heading\" data-id=\"d30102f\" data-element_type=\"widget\" data-widget_type=\"heading.default\">\n\t\t\t\t\t<h3 class=\"elementor-heading-title elementor-size-default\">Orientaci\u00f3n t\u00e9cnica y optimizaci\u00f3n<\/h3>\t\t\t\t<\/div>\n\t\t\t\t<div class=\"elementor-element elementor-element-bb2558e elementor-widget elementor-widget-text-editor\" data-id=\"bb2558e\" data-element_type=\"widget\" data-widget_type=\"text-editor.default\">\n\t\t\t\t\t\t\t\t\tYa se trate de cambios en las condiciones de los pozos, nuevas especificaciones de las tuber\u00edas o variaciones estacionales, nuestro equipo est\u00e1 preparado para ajustar su programa de tratamiento para obtener resultados constantes.\t\t\t\t\t\t\t\t<\/div>\n\t\t\t\t<\/div>\n\t\t\t\t<\/div>\n\t\t\t\t\t<\/div>\n\t\t\t\t<\/div>\n\t\t<div class=\"elementor-element elementor-element-f79d843 e-flex e-con-boxed e-con e-parent\" data-id=\"f79d843\" data-element_type=\"container\" data-settings=\"{&quot;background_background&quot;:&quot;classic&quot;}\">\n\t\t\t\t\t<div class=\"e-con-inner\">\n\t\t\t\t<div class=\"elementor-element elementor-element-b35bdb2 elementor-widget elementor-widget-heading\" data-id=\"b35bdb2\" data-element_type=\"widget\" data-widget_type=\"heading.default\">\n\t\t\t\t\t<h2 class=\"elementor-heading-title elementor-size-default\">Por qu\u00e9 elegir el soporte postventa de KOMIX<\/h2>\t\t\t\t<\/div>\n\t\t\t\t\t<\/div>\n\t\t\t\t<\/div>\n\t\t<div class=\"elementor-element elementor-element-dd58fdd e-grid e-con-boxed e-con e-parent\" data-id=\"dd58fdd\" data-element_type=\"container\" data-settings=\"{&quot;background_background&quot;:&quot;classic&quot;}\">\n\t\t\t\t\t<div class=\"e-con-inner\">\n\t\t<div class=\"elementor-element elementor-element-7d747b4 e-con-full e-flex e-con e-child\" data-id=\"7d747b4\" data-element_type=\"container\">\n\t\t\t\t<div class=\"elementor-element elementor-element-6f72851 elementor-widget elementor-widget-image\" data-id=\"6f72851\" data-element_type=\"widget\" data-widget_type=\"image.default\">\n\t\t\t\t\t\t\t\t\t\t\t\t\t\t\t<img fetchpriority=\"high\" decoding=\"async\" width=\"800\" height=\"533\" src=\"https:\/\/komixchemical.com\/wp-content\/uploads\/2025\/10\/Reactor-inside-a-large-factory-of-komix-manufacturer-27.jpg\" class=\"attachment-large size-large wp-image-1381\" alt=\"\" srcset=\"https:\/\/komixchemical.com\/wp-content\/uploads\/2025\/10\/Reactor-inside-a-large-factory-of-komix-manufacturer-27.jpg 800w, https:\/\/komixchemical.com\/wp-content\/uploads\/2025\/10\/Reactor-inside-a-large-factory-of-komix-manufacturer-27-300x200.jpg 300w, https:\/\/komixchemical.com\/wp-content\/uploads\/2025\/10\/Reactor-inside-a-large-factory-of-komix-manufacturer-27-768x512.jpg 768w\" sizes=\"(max-width: 800px) 100vw, 800px\" \/>\t\t\t\t\t\t\t\t\t\t\t\t\t\t\t<\/div>\n\t\t\t\t<div class=\"elementor-element elementor-element-98ddfc1 elementor-widget elementor-widget-heading\" data-id=\"98ddfc1\" data-element_type=\"widget\" data-widget_type=\"heading.default\">\n\t\t\t\t\t<h3 class=\"elementor-heading-title elementor-size-default\">Seguimiento fiable<\/h3>\t\t\t\t<\/div>\n\t\t\t\t<div class=\"elementor-element elementor-element-2879957 elementor-widget elementor-widget-text-editor\" data-id=\"2879957\" data-element_type=\"widget\" data-widget_type=\"text-editor.default\">\n\t\t\t\t\t\t\t\t\tAcceso directo a la experiencia del fabricante despu\u00e9s de la compra.\t\t\t\t\t\t\t\t<\/div>\n\t\t\t\t<\/div>\n\t\t<div class=\"elementor-element elementor-element-1cc4644 e-con-full e-flex e-con e-child\" data-id=\"1cc4644\" data-element_type=\"container\">\n\t\t\t\t<div class=\"elementor-element elementor-element-12e6b43 elementor-widget elementor-widget-image\" data-id=\"12e6b43\" data-element_type=\"widget\" data-widget_type=\"image.default\">\n\t\t\t\t\t\t\t\t\t\t\t\t\t\t\t<img decoding=\"async\" width=\"800\" height=\"600\" src=\"https:\/\/komixchemical.com\/wp-content\/uploads\/2025\/10\/Komix-Triazine-H2S-scavenger-36.jpg\" class=\"attachment-large size-large wp-image-1385\" alt=\"\" srcset=\"https:\/\/komixchemical.com\/wp-content\/uploads\/2025\/10\/Komix-Triazine-H2S-scavenger-36.jpg 800w, https:\/\/komixchemical.com\/wp-content\/uploads\/2025\/10\/Komix-Triazine-H2S-scavenger-36-300x225.jpg 300w, https:\/\/komixchemical.com\/wp-content\/uploads\/2025\/10\/Komix-Triazine-H2S-scavenger-36-768x576.jpg 768w\" sizes=\"(max-width: 800px) 100vw, 800px\" \/>\t\t\t\t\t\t\t\t\t\t\t\t\t\t\t<\/div>\n\t\t\t\t<div class=\"elementor-element elementor-element-eea4d5c elementor-widget elementor-widget-heading\" data-id=\"eea4d5c\" data-element_type=\"widget\" data-widget_type=\"heading.default\">\n\t\t\t\t\t<h3 class=\"elementor-heading-title elementor-size-default\">Garant\u00eda de calidad<\/h3>\t\t\t\t<\/div>\n\t\t\t\t<div class=\"elementor-element elementor-element-b81cc48 elementor-widget elementor-widget-text-editor\" data-id=\"b81cc48\" data-element_type=\"widget\" data-widget_type=\"text-editor.default\">\n\t\t\t\t\t\t\t\t\tMuestras retenidas para una r\u00e1pida verificaci\u00f3n y resoluci\u00f3n de problemas.\t\t\t\t\t\t\t\t<\/div>\n\t\t\t\t<\/div>\n\t\t<div class=\"elementor-element elementor-element-502cb1c e-con-full e-flex e-con e-child\" data-id=\"502cb1c\" data-element_type=\"container\">\n\t\t\t\t<div class=\"elementor-element elementor-element-e434c32 elementor-widget elementor-widget-image\" data-id=\"e434c32\" data-element_type=\"widget\" data-widget_type=\"image.default\">\n\t\t\t\t\t\t\t\t\t\t\t\t\t\t\t<img decoding=\"async\" width=\"1024\" height=\"682\" src=\"https:\/\/komixchemical.com\/wp-content\/uploads\/2025\/07\/photo-of-pipes-and-tanks-chemistry-and-medicine-production-pharmaceutical-factory-interior-of-a-1024x682.jpg\" class=\"attachment-large size-large wp-image-268\" alt=\"Photo of pipes and tanks. Chemistry and medicine production. Pharmaceutical factory. Interior of a\" srcset=\"https:\/\/komixchemical.com\/wp-content\/uploads\/2025\/07\/photo-of-pipes-and-tanks-chemistry-and-medicine-production-pharmaceutical-factory-interior-of-a-1024x682.jpg 1024w, https:\/\/komixchemical.com\/wp-content\/uploads\/2025\/07\/photo-of-pipes-and-tanks-chemistry-and-medicine-production-pharmaceutical-factory-interior-of-a-300x200.jpg 300w, https:\/\/komixchemical.com\/wp-content\/uploads\/2025\/07\/photo-of-pipes-and-tanks-chemistry-and-medicine-production-pharmaceutical-factory-interior-of-a-768x512.jpg 768w, https:\/\/komixchemical.com\/wp-content\/uploads\/2025\/07\/photo-of-pipes-and-tanks-chemistry-and-medicine-production-pharmaceutical-factory-interior-of-a-1536x1024.jpg 1536w, https:\/\/komixchemical.com\/wp-content\/uploads\/2025\/07\/photo-of-pipes-and-tanks-chemistry-and-medicine-production-pharmaceutical-factory-interior-of-a.jpg 2000w\" sizes=\"(max-width: 1024px) 100vw, 1024px\" \/>\t\t\t\t\t\t\t\t\t\t\t\t\t\t\t<\/div>\n\t\t\t\t<div class=\"elementor-element elementor-element-16a8d14 elementor-widget elementor-widget-heading\" data-id=\"16a8d14\" data-element_type=\"widget\" data-widget_type=\"heading.default\">\n\t\t\t\t\t<h3 class=\"elementor-heading-title elementor-size-default\">Asociaci\u00f3n a largo plazo<\/h3>\t\t\t\t<\/div>\n\t\t\t\t<div class=\"elementor-element elementor-element-1fc679d elementor-widget elementor-widget-text-editor\" data-id=\"1fc679d\" data-element_type=\"widget\" data-widget_type=\"text-editor.default\">\n\t\t\t\t\t\t\t\t\tMejora continua para mantener su sistema conforme y eficiente.\t\t\t\t\t\t\t\t<\/div>\n\t\t\t\t<\/div>\n\t\t\t\t\t<\/div>\n\t\t\t\t<\/div>\n\t\t\t\t<\/div>","protected":false},"excerpt":{"rendered":"<p>KOMIX Post-Sales Services \u2013 Ongoing Support for Lasting Performance Our relationship doesn\u2019t end at delivery. KOMIX provides continuous technical support, [&hellip;]<\/p>","protected":false},"author":1,"featured_media":0,"parent":746,"menu_order":0,"comment_status":"closed","ping_status":"closed","template":"elementor_header_footer","meta":{"site-sidebar-layout":"default","site-content-layout":"","ast-site-content-layout":"default","site-content-style":"default","site-sidebar-style":"default","ast-global-header-display":"","ast-banner-title-visibility":"","ast-main-header-display":"","ast-hfb-above-header-display":"","ast-hfb-below-header-display":"","ast-hfb-mobile-header-display":"","site-post-title":"","ast-breadcrumbs-content":"","ast-featured-img":"","footer-sml-layout":"","theme-transparent-header-meta":"","adv-header-id-meta":"","stick-header-meta":"","header-above-stick-meta":"","header-main-stick-meta":"","header-below-stick-meta":"","astra-migrate-meta-layouts":"default","ast-page-background-enabled":"default","ast-page-background-meta":{"desktop":{"background-color":"var(--ast-global-color-5)","background-image":"","background-repeat":"repeat","background-position":"center center","background-size":"auto","background-attachment":"scroll","background-type":"","background-media":"","overlay-type":"","overlay-color":"","overlay-opacity":"","overlay-gradient":""},"tablet":{"background-color":"","background-image":"","background-repeat":"repeat","background-position":"center center","background-size":"auto","background-attachment":"scroll","background-type":"","background-media":"","overlay-type":"","overlay-color":"","overlay-opacity":"","overlay-gradient":""},"mobile":{"background-color":"","background-image":"","background-repeat":"repeat","background-position":"center center","background-size":"auto","background-attachment":"scroll","background-type":"","background-media":"","overlay-type":"","overlay-color":"","overlay-opacity":"","overlay-gradient":""}},"ast-content-background-meta":{"desktop":{"background-color":"var(--ast-global-color-4)","background-image":"","background-repeat":"repeat","background-position":"center center","background-size":"auto","background-attachment":"scroll","background-type":"","background-media":"","overlay-type":"","overlay-color":"","overlay-opacity":"","overlay-gradient":""},"tablet":{"background-color":"var(--ast-global-color-4)","background-image":"","background-repeat":"repeat","background-position":"center center","background-size":"auto","background-attachment":"scroll","background-type":"","background-media":"","overlay-type":"","overlay-color":"","overlay-opacity":"","overlay-gradient":""},"mobile":{"background-color":"var(--ast-global-color-4)","background-image":"","background-repeat":"repeat","background-position":"center center","background-size":"auto","background-attachment":"scroll","background-type":"","background-media":"","overlay-type":"","overlay-color":"","overlay-opacity":"","overlay-gradient":""}},"footnotes":""},"class_list":["post-1209","page","type-page","status-publish","hentry"],"_links":{"self":[{"href":"https:\/\/komixchemical.com\/es\/wp-json\/wp\/v2\/pages\/1209","targetHints":{"allow":["GET"]}}],"collection":[{"href":"https:\/\/komixchemical.com\/es\/wp-json\/wp\/v2\/pages"}],"about":[{"href":"https:\/\/komixchemical.com\/es\/wp-json\/wp\/v2\/types\/page"}],"author":[{"embeddable":true,"href":"https:\/\/komixchemical.com\/es\/wp-json\/wp\/v2\/users\/1"}],"replies":[{"embeddable":true,"href":"https:\/\/komixchemical.com\/es\/wp-json\/wp\/v2\/comments?post=1209"}],"version-history":[{"count":16,"href":"https:\/\/komixchemical.com\/es\/wp-json\/wp\/v2\/pages\/1209\/revisions"}],"predecessor-version":[{"id":1398,"href":"https:\/\/komixchemical.com\/es\/wp-json\/wp\/v2\/pages\/1209\/revisions\/1398"}],"up":[{"embeddable":true,"href":"https:\/\/komixchemical.com\/es\/wp-json\/wp\/v2\/pages\/746"}],"wp:attachment":[{"href":"https:\/\/komixchemical.com\/es\/wp-json\/wp\/v2\/media?parent=1209"}],"curies":[{"name":"wp","href":"https:\/\/api.w.org\/{rel}","templated":true}]}}