{"id":1207,"date":"2025-09-24T15:53:15","date_gmt":"2025-09-24T15:53:15","guid":{"rendered":"https:\/\/komixchemical.com\/?page_id=1207"},"modified":"2025-10-13T12:31:28","modified_gmt":"2025-10-13T12:31:28","slug":"pre-sales-services","status":"publish","type":"page","link":"https:\/\/komixchemical.com\/es\/service\/pre-sales-services\/","title":{"rendered":"Servicios preventa"},"content":{"rendered":"<div data-elementor-type=\"wp-page\" data-elementor-id=\"1207\" class=\"elementor elementor-1207\" data-elementor-post-type=\"page\">\n\t\t\t\t<div class=\"elementor-element elementor-element-5ec9275 e-flex e-con-boxed e-con e-parent\" data-id=\"5ec9275\" data-element_type=\"container\" data-settings=\"{&quot;background_background&quot;:&quot;classic&quot;}\">\n\t\t\t\t\t<div class=\"e-con-inner\">\n\t\t<div class=\"elementor-element elementor-element-a8ac690 e-con-full e-flex e-con e-child\" data-id=\"a8ac690\" data-element_type=\"container\">\n\t\t\t\t<div class=\"elementor-element elementor-element-c966b27 elementor-invisible elementor-widget elementor-widget-heading\" data-id=\"c966b27\" data-element_type=\"widget\" data-settings=\"{&quot;_animation&quot;:&quot;fadeInUp&quot;,&quot;_animation_delay&quot;:200}\" data-widget_type=\"heading.default\">\n\t\t\t\t\t<h1 class=\"elementor-heading-title elementor-size-default\">Servicios de preventa KOMIX - Asistencia experta antes de comprar<\/h1>\t\t\t\t<\/div>\n\t\t\t\t<div class=\"elementor-element elementor-element-112face elementor-invisible elementor-widget elementor-widget-heading\" data-id=\"112face\" data-element_type=\"widget\" data-settings=\"{&quot;_animation&quot;:&quot;fadeInUp&quot;,&quot;_animation_delay&quot;:300}\" data-widget_type=\"heading.default\">\n\t\t\t\t\t<h4 class=\"elementor-heading-title elementor-size-default\">Obtenga asesoramiento experto, muestras gratuitas y soluciones a medida antes de realizar su pedido. KOMIX le ayuda a elegir los aditivos qu\u00edmicos adecuados para sus operaciones.<\/h4>\t\t\t\t<\/div>\n\t\t\t\t<\/div>\n\t\t\t\t\t<\/div>\n\t\t\t\t<\/div>\n\t\t<div class=\"elementor-element elementor-element-5a500c6 e-flex e-con-boxed e-con e-parent\" data-id=\"5a500c6\" data-element_type=\"container\">\n\t\t\t\t\t<div class=\"e-con-inner\">\n\t\t\t\t<div class=\"elementor-element elementor-element-a4a0405 elementor-widget elementor-widget-heading\" data-id=\"a4a0405\" data-element_type=\"widget\" data-widget_type=\"heading.default\">\n\t\t\t\t\t<h2 class=\"elementor-heading-title elementor-size-default\">Nuestros servicios: Asistencia completa para su empresa<\/h2>\t\t\t\t<\/div>\n\t\t\t\t<div class=\"elementor-element elementor-element-bbe1b23 elementor-widget elementor-widget-text-editor\" data-id=\"bbe1b23\" data-element_type=\"widget\" data-widget_type=\"text-editor.default\">\n\t\t\t\t\t\t\t\t\tEn KOMIX, la asistencia preventa no es s\u00f3lo un complemento, sino la base de una colaboraci\u00f3n de \u00e9xito. Combinamos experiencia t\u00e9cnica, respuesta r\u00e1pida y conocimientos del fabricante para ayudarle a identificar la mejor soluci\u00f3n antes de comprometerse. Esto reduce los costes de prueba y error y acelera la implantaci\u00f3n en sus instalaciones.\t\t\t\t\t\t\t\t<\/div>\n\t\t\t\t\t<\/div>\n\t\t\t\t<\/div>\n\t\t<div class=\"elementor-element elementor-element-ffc0a75 e-flex e-con-boxed e-con e-parent\" data-id=\"ffc0a75\" data-element_type=\"container\">\n\t\t\t\t\t<div class=\"e-con-inner\">\n\t\t<div class=\"elementor-element elementor-element-482cf2c e-con-full e-flex e-con e-child\" data-id=\"482cf2c\" data-element_type=\"container\">\n\t\t\t\t<div class=\"elementor-element elementor-element-0ac614d elementor-widget elementor-widget-image\" data-id=\"0ac614d\" data-element_type=\"widget\" data-widget_type=\"image.default\">\n\t\t\t\t\t\t\t\t\t\t\t\t\t\t\t<img fetchpriority=\"high\" decoding=\"async\" width=\"1024\" height=\"683\" src=\"https:\/\/komixchemical.com\/wp-content\/uploads\/2025\/08\/team-petroleum-chemical-engineer-discussion-about-blueprint-drawings-inside-oil-refinery-gas-1024x683.jpg\" class=\"attachment-large size-large wp-image-885\" alt=\"Team Petroleum chemical engineer discussion about blueprint drawings inside Oil Refinery Gas\" srcset=\"https:\/\/komixchemical.com\/wp-content\/uploads\/2025\/08\/team-petroleum-chemical-engineer-discussion-about-blueprint-drawings-inside-oil-refinery-gas-1024x683.jpg 1024w, https:\/\/komixchemical.com\/wp-content\/uploads\/2025\/08\/team-petroleum-chemical-engineer-discussion-about-blueprint-drawings-inside-oil-refinery-gas-300x200.jpg 300w, https:\/\/komixchemical.com\/wp-content\/uploads\/2025\/08\/team-petroleum-chemical-engineer-discussion-about-blueprint-drawings-inside-oil-refinery-gas-768x512.jpg 768w, https:\/\/komixchemical.com\/wp-content\/uploads\/2025\/08\/team-petroleum-chemical-engineer-discussion-about-blueprint-drawings-inside-oil-refinery-gas-1536x1025.jpg 1536w, https:\/\/komixchemical.com\/wp-content\/uploads\/2025\/08\/team-petroleum-chemical-engineer-discussion-about-blueprint-drawings-inside-oil-refinery-gas.jpg 2000w\" sizes=\"(max-width: 1024px) 100vw, 1024px\" \/>\t\t\t\t\t\t\t\t\t\t\t\t\t\t\t<\/div>\n\t\t\t\t<\/div>\n\t\t<div class=\"elementor-element elementor-element-424a17e e-con-full e-flex e-con e-child\" data-id=\"424a17e\" data-element_type=\"container\" data-settings=\"{&quot;background_background&quot;:&quot;classic&quot;}\">\n\t\t\t\t<div class=\"elementor-element elementor-element-1e9299a elementor-widget elementor-widget-heading\" data-id=\"1e9299a\" data-element_type=\"widget\" data-widget_type=\"heading.default\">\n\t\t\t\t\t<h3 class=\"elementor-heading-title elementor-size-default\">Consulta t\u00e9cnica<\/h3>\t\t\t\t<\/div>\n\t\t\t\t<div class=\"elementor-element elementor-element-2241d70 elementor-widget elementor-widget-text-editor\" data-id=\"2241d70\" data-element_type=\"widget\" data-widget_type=\"text-editor.default\">\n\t\t\t\t\t\t\t\t\tNuestros especialistas analizan las condiciones de su proceso, las especificaciones del gas o del crudo y los retos operativos. Recomendamos el secuestrante y la estrategia de dosificaci\u00f3n m\u00e1s eficaces para alcanzar sus objetivos de rendimiento.\t\t\t\t\t\t\t\t<\/div>\n\t\t\t\t<\/div>\n\t\t\t\t\t<\/div>\n\t\t\t\t<\/div>\n\t\t<div class=\"elementor-element elementor-element-e842c61 e-flex e-con-boxed e-con e-parent\" data-id=\"e842c61\" data-element_type=\"container\">\n\t\t\t\t\t<div class=\"e-con-inner\">\n\t\t<div class=\"elementor-element elementor-element-1b165ef e-con-full e-flex e-con e-child\" data-id=\"1b165ef\" data-element_type=\"container\" data-settings=\"{&quot;background_background&quot;:&quot;classic&quot;}\">\n\t\t\t\t<div class=\"elementor-element elementor-element-d7a29b0 elementor-widget elementor-widget-heading\" data-id=\"d7a29b0\" data-element_type=\"widget\" data-widget_type=\"heading.default\">\n\t\t\t\t\t<h3 class=\"elementor-heading-title elementor-size-default\">Pruebas y evaluaci\u00f3n de muestras<\/h3>\t\t\t\t<\/div>\n\t\t\t\t<div class=\"elementor-element elementor-element-cc51960 elementor-widget elementor-widget-text-editor\" data-id=\"cc51960\" data-element_type=\"widget\" data-widget_type=\"text-editor.default\">\n\t\t\t\t\t\t\t\t\tOfrecemos muestras de producto gratuitas para que pueda probar nuestros secuestrantes de H\u2082S triaz\u00ednicos o no triaz\u00ednicos directamente en su propio sistema. Nuestro equipo le guiar\u00e1 sobre c\u00f3mo inyectar, controlar y evaluar los resultados para que pueda tomar decisiones con confianza.\t\t\t\t\t\t\t\t<\/div>\n\t\t\t\t<\/div>\n\t\t<div class=\"elementor-element elementor-element-2a16c05 e-con-full e-flex e-con e-child\" data-id=\"2a16c05\" data-element_type=\"container\">\n\t\t\t\t<div class=\"elementor-element elementor-element-4c65f91 elementor-widget elementor-widget-image\" data-id=\"4c65f91\" data-element_type=\"widget\" data-widget_type=\"image.default\">\n\t\t\t\t\t\t\t\t\t\t\t\t\t\t\t<img decoding=\"async\" width=\"800\" height=\"600\" src=\"https:\/\/komixchemical.com\/wp-content\/uploads\/2025\/09\/Komix-Triazine-H2S-scavenger-45.jpg\" class=\"attachment-large size-large wp-image-1121\" alt=\"\" srcset=\"https:\/\/komixchemical.com\/wp-content\/uploads\/2025\/09\/Komix-Triazine-H2S-scavenger-45.jpg 800w, https:\/\/komixchemical.com\/wp-content\/uploads\/2025\/09\/Komix-Triazine-H2S-scavenger-45-300x225.jpg 300w, https:\/\/komixchemical.com\/wp-content\/uploads\/2025\/09\/Komix-Triazine-H2S-scavenger-45-768x576.jpg 768w\" sizes=\"(max-width: 800px) 100vw, 800px\" \/>\t\t\t\t\t\t\t\t\t\t\t\t\t\t\t<\/div>\n\t\t\t\t<\/div>\n\t\t\t\t\t<\/div>\n\t\t\t\t<\/div>\n\t\t<div class=\"elementor-element elementor-element-1ec7df4 e-flex e-con-boxed e-con e-parent\" data-id=\"1ec7df4\" data-element_type=\"container\">\n\t\t\t\t\t<div class=\"e-con-inner\">\n\t\t<div class=\"elementor-element elementor-element-b8f7c27 e-con-full e-flex e-con e-child\" data-id=\"b8f7c27\" data-element_type=\"container\">\n\t\t\t\t<div class=\"elementor-element elementor-element-da8c88f elementor-widget elementor-widget-image\" data-id=\"da8c88f\" data-element_type=\"widget\" data-widget_type=\"image.default\">\n\t\t\t\t\t\t\t\t\t\t\t\t\t\t\t<img decoding=\"async\" width=\"800\" height=\"533\" src=\"https:\/\/komixchemical.com\/wp-content\/uploads\/2025\/10\/51miz-E1422008-11888669.jpg\" class=\"attachment-large size-large wp-image-1348\" alt=\"\" srcset=\"https:\/\/komixchemical.com\/wp-content\/uploads\/2025\/10\/51miz-E1422008-11888669.jpg 800w, https:\/\/komixchemical.com\/wp-content\/uploads\/2025\/10\/51miz-E1422008-11888669-300x200.jpg 300w, https:\/\/komixchemical.com\/wp-content\/uploads\/2025\/10\/51miz-E1422008-11888669-768x512.jpg 768w\" sizes=\"(max-width: 800px) 100vw, 800px\" \/>\t\t\t\t\t\t\t\t\t\t\t\t\t\t\t<\/div>\n\t\t\t\t<\/div>\n\t\t<div class=\"elementor-element elementor-element-cc5abf5 e-con-full e-flex e-con e-child\" data-id=\"cc5abf5\" data-element_type=\"container\" data-settings=\"{&quot;background_background&quot;:&quot;classic&quot;}\">\n\t\t\t\t<div class=\"elementor-element elementor-element-28e7567 elementor-widget elementor-widget-heading\" data-id=\"28e7567\" data-element_type=\"widget\" data-widget_type=\"heading.default\">\n\t\t\t\t\t<h3 class=\"elementor-heading-title elementor-size-default\">Soluciones a medida<\/h3>\t\t\t\t<\/div>\n\t\t\t\t<div class=\"elementor-element elementor-element-88ff42d elementor-widget elementor-widget-text-editor\" data-id=\"88ff42d\" data-element_type=\"widget\" data-widget_type=\"text-editor.default\">\n\t\t\t\t\t\t\t\t\tCuando las f\u00f3rmulas est\u00e1ndar no son suficientes, ajustamos y afinamos los productos en nuestros laboratorios de aplicaciones. Obtendr\u00e1 un programa de eliminaci\u00f3n de residuos hecho a medida para sus condiciones exactas.\t\t\t\t\t\t\t\t<\/div>\n\t\t\t\t<\/div>\n\t\t\t\t\t<\/div>\n\t\t\t\t<\/div>\n\t\t<div class=\"elementor-element elementor-element-51cc2b5 e-flex e-con-boxed e-con e-parent\" data-id=\"51cc2b5\" data-element_type=\"container\">\n\t\t\t\t\t<div class=\"e-con-inner\">\n\t\t<div class=\"elementor-element elementor-element-ab1f3a3 e-con-full e-flex e-con e-child\" data-id=\"ab1f3a3\" data-element_type=\"container\">\n\t\t\t\t<div class=\"elementor-element elementor-element-18999e4 elementor-widget elementor-widget-heading\" data-id=\"18999e4\" data-element_type=\"widget\" data-widget_type=\"heading.default\">\n\t\t\t\t\t<h2 class=\"elementor-heading-title elementor-size-default\">Por qu\u00e9 elegir el soporte preventa de KOMIX<\/h2>\t\t\t\t<\/div>\n\t\t\t\t<div class=\"elementor-element elementor-element-0d52f17 elementor-widget elementor-widget-text-editor\" data-id=\"0d52f17\" data-element_type=\"widget\" data-widget_type=\"text-editor.default\">\n\t\t\t\t\t\t\t\t\tTrabajar directamente con un fabricante le ofrece algo m\u00e1s que un simple presupuesto. Con KOMIX usted se beneficia de:\t\t\t\t\t\t\t\t<\/div>\n\t\t\t\t<div class=\"elementor-element elementor-element-edf7262 elementor-icon-list--layout-traditional elementor-list-item-link-full_width elementor-widget elementor-widget-icon-list\" data-id=\"edf7262\" data-element_type=\"widget\" data-widget_type=\"icon-list.default\">\n\t\t\t\t\t\t\t<ul class=\"elementor-icon-list-items\">\n\t\t\t\t\t\t\t<li class=\"elementor-icon-list-item\">\n\t\t\t\t\t\t\t\t\t\t\t<span class=\"elementor-icon-list-icon\">\n\t\t\t\t\t\t\t<svg aria-hidden=\"true\" class=\"e-font-icon-svg e-fas-check\" viewbox=\"0 0 512 512\" xmlns=\"http:\/\/www.w3.org\/2000\/svg\"><path d=\"M173.898 439.404l-166.4-166.4c-9.997-9.997-9.997-26.206 0-36.204l36.203-36.204c9.997-9.998 26.207-9.998 36.204 0L192 312.69 432.095 72.596c9.997-9.997 26.207-9.997 36.204 0l36.203 36.204c9.997 9.997 9.997 26.206 0 36.204l-294.4 294.401c-9.998 9.997-26.207 9.997-36.204-.001z\"><\/path><\/svg>\t\t\t\t\t\t<\/span>\n\t\t\t\t\t\t\t\t\t\t<span class=\"elementor-icon-list-text\">Profundos conocimientos: nuestros qu\u00edmicos e ingenieros conocen los productos al dedillo.<\/span>\n\t\t\t\t\t\t\t\t\t<\/li>\n\t\t\t\t\t\t\t\t<li class=\"elementor-icon-list-item\">\n\t\t\t\t\t\t\t\t\t\t\t<span class=\"elementor-icon-list-icon\">\n\t\t\t\t\t\t\t<svg aria-hidden=\"true\" class=\"e-font-icon-svg e-fas-check\" viewbox=\"0 0 512 512\" xmlns=\"http:\/\/www.w3.org\/2000\/svg\"><path d=\"M173.898 439.404l-166.4-166.4c-9.997-9.997-9.997-26.206 0-36.204l36.203-36.204c9.997-9.998 26.207-9.998 36.204 0L192 312.69 432.095 72.596c9.997-9.997 26.207-9.997 36.204 0l36.203 36.204c9.997 9.997 9.997 26.206 0 36.204l-294.4 294.401c-9.998 9.997-26.207 9.997-36.204-.001z\"><\/path><\/svg>\t\t\t\t\t\t<\/span>\n\t\t\t\t\t\t\t\t\t\t<span class=\"elementor-icon-list-text\">Decisiones m\u00e1s r\u00e1pidas: las muestras gratuitas y la r\u00e1pida informaci\u00f3n t\u00e9cnica acortan los plazos de entrega.<\/span>\n\t\t\t\t\t\t\t\t\t<\/li>\n\t\t\t\t\t\t\t\t<li class=\"elementor-icon-list-item\">\n\t\t\t\t\t\t\t\t\t\t\t<span class=\"elementor-icon-list-icon\">\n\t\t\t\t\t\t\t<svg aria-hidden=\"true\" class=\"e-font-icon-svg e-fas-check\" viewbox=\"0 0 512 512\" xmlns=\"http:\/\/www.w3.org\/2000\/svg\"><path d=\"M173.898 439.404l-166.4-166.4c-9.997-9.997-9.997-26.206 0-36.204l36.203-36.204c9.997-9.998 26.207-9.998 36.204 0L192 312.69 432.095 72.596c9.997-9.997 26.207-9.997 36.204 0l36.203 36.204c9.997 9.997 9.997 26.206 0 36.204l-294.4 294.401c-9.998 9.997-26.207 9.997-36.204-.001z\"><\/path><\/svg>\t\t\t\t\t\t<\/span>\n\t\t\t\t\t\t\t\t\t\t<span class=\"elementor-icon-list-text\">Resultados fiables: las soluciones adaptadas a su sistema se traducen en menos sorpresas despu\u00e9s de la compra.<\/span>\n\t\t\t\t\t\t\t\t\t<\/li>\n\t\t\t\t\t\t<\/ul>\n\t\t\t\t\t\t<\/div>\n\t\t\t\t<div class=\"elementor-element elementor-element-833d4c6 elementor-align-left elementor-mobile-align-center elementor-tablet-align-center elementor-widget elementor-widget-button\" data-id=\"833d4c6\" data-element_type=\"widget\" data-widget_type=\"button.default\">\n\t\t\t\t\t\t\t\t\t\t<a class=\"elementor-button elementor-button-link elementor-size-sm\" href=\"https:\/\/komixchemical.com\/es\/contact-us\/\" target=\"_blank\">\n\t\t\t\t\t\t<span class=\"elementor-button-content-wrapper\">\n\t\t\t\t\t\t\t\t\t<span class=\"elementor-button-text\">P\u00f3ngase en contacto con nosotros<\/span>\n\t\t\t\t\t<\/span>\n\t\t\t\t\t<\/a>\n\t\t\t\t\t\t\t\t<\/div>\n\t\t\t\t<\/div>\n\t\t<div class=\"elementor-element elementor-element-9d191fe e-con-full e-flex e-con e-child\" data-id=\"9d191fe\" data-element_type=\"container\">\n\t\t\t\t<div class=\"elementor-element elementor-element-25dfc9d elementor-widget elementor-widget-image\" data-id=\"25dfc9d\" data-element_type=\"widget\" data-widget_type=\"image.default\">\n\t\t\t\t\t\t\t\t\t\t\t\t\t\t\t<img loading=\"lazy\" decoding=\"async\" width=\"1024\" height=\"658\" src=\"https:\/\/komixchemical.com\/wp-content\/uploads\/2025\/08\/scientist-working-in-the-laboratory-1024x658.jpg\" class=\"attachment-large size-large wp-image-887\" alt=\"Scientist working in the laboratory\" srcset=\"https:\/\/komixchemical.com\/wp-content\/uploads\/2025\/08\/scientist-working-in-the-laboratory-1024x658.jpg 1024w, https:\/\/komixchemical.com\/wp-content\/uploads\/2025\/08\/scientist-working-in-the-laboratory-300x193.jpg 300w, https:\/\/komixchemical.com\/wp-content\/uploads\/2025\/08\/scientist-working-in-the-laboratory-768x494.jpg 768w, https:\/\/komixchemical.com\/wp-content\/uploads\/2025\/08\/scientist-working-in-the-laboratory-1536x988.jpg 1536w, https:\/\/komixchemical.com\/wp-content\/uploads\/2025\/08\/scientist-working-in-the-laboratory.jpg 2000w\" sizes=\"(max-width: 1024px) 100vw, 1024px\" \/>\t\t\t\t\t\t\t\t\t\t\t\t\t\t\t<\/div>\n\t\t\t\t<\/div>\n\t\t\t\t\t<\/div>\n\t\t\t\t<\/div>\n\t\t\t\t<\/div>","protected":false},"excerpt":{"rendered":"<p>KOMIX Pre-Sales Services \u2013 Expert Support Before You Buy Get expert guidance, free samples and tailored solutions before placing your [&hellip;]<\/p>","protected":false},"author":1,"featured_media":0,"parent":746,"menu_order":0,"comment_status":"closed","ping_status":"closed","template":"elementor_header_footer","meta":{"site-sidebar-layout":"default","site-content-layout":"","ast-site-content-layout":"default","site-content-style":"default","site-sidebar-style":"default","ast-global-header-display":"","ast-banner-title-visibility":"","ast-main-header-display":"","ast-hfb-above-header-display":"","ast-hfb-below-header-display":"","ast-hfb-mobile-header-display":"","site-post-title":"","ast-breadcrumbs-content":"","ast-featured-img":"","footer-sml-layout":"","theme-transparent-header-meta":"","adv-header-id-meta":"","stick-header-meta":"","header-above-stick-meta":"","header-main-stick-meta":"","header-below-stick-meta":"","astra-migrate-meta-layouts":"default","ast-page-background-enabled":"default","ast-page-background-meta":{"desktop":{"background-color":"var(--ast-global-color-5)","background-image":"","background-repeat":"repeat","background-position":"center center","background-size":"auto","background-attachment":"scroll","background-type":"","background-media":"","overlay-type":"","overlay-color":"","overlay-opacity":"","overlay-gradient":""},"tablet":{"background-color":"","background-image":"","background-repeat":"repeat","background-position":"center center","background-size":"auto","background-attachment":"scroll","background-type":"","background-media":"","overlay-type":"","overlay-color":"","overlay-opacity":"","overlay-gradient":""},"mobile":{"background-color":"","background-image":"","background-repeat":"repeat","background-position":"center center","background-size":"auto","background-attachment":"scroll","background-type":"","background-media":"","overlay-type":"","overlay-color":"","overlay-opacity":"","overlay-gradient":""}},"ast-content-background-meta":{"desktop":{"background-color":"var(--ast-global-color-4)","background-image":"","background-repeat":"repeat","background-position":"center center","background-size":"auto","background-attachment":"scroll","background-type":"","background-media":"","overlay-type":"","overlay-color":"","overlay-opacity":"","overlay-gradient":""},"tablet":{"background-color":"var(--ast-global-color-4)","background-image":"","background-repeat":"repeat","background-position":"center center","background-size":"auto","background-attachment":"scroll","background-type":"","background-media":"","overlay-type":"","overlay-color":"","overlay-opacity":"","overlay-gradient":""},"mobile":{"background-color":"var(--ast-global-color-4)","background-image":"","background-repeat":"repeat","background-position":"center center","background-size":"auto","background-attachment":"scroll","background-type":"","background-media":"","overlay-type":"","overlay-color":"","overlay-opacity":"","overlay-gradient":""}},"footnotes":""},"class_list":["post-1207","page","type-page","status-publish","hentry"],"_links":{"self":[{"href":"https:\/\/komixchemical.com\/es\/wp-json\/wp\/v2\/pages\/1207","targetHints":{"allow":["GET"]}}],"collection":[{"href":"https:\/\/komixchemical.com\/es\/wp-json\/wp\/v2\/pages"}],"about":[{"href":"https:\/\/komixchemical.com\/es\/wp-json\/wp\/v2\/types\/page"}],"author":[{"embeddable":true,"href":"https:\/\/komixchemical.com\/es\/wp-json\/wp\/v2\/users\/1"}],"replies":[{"embeddable":true,"href":"https:\/\/komixchemical.com\/es\/wp-json\/wp\/v2\/comments?post=1207"}],"version-history":[{"count":16,"href":"https:\/\/komixchemical.com\/es\/wp-json\/wp\/v2\/pages\/1207\/revisions"}],"predecessor-version":[{"id":1407,"href":"https:\/\/komixchemical.com\/es\/wp-json\/wp\/v2\/pages\/1207\/revisions\/1407"}],"up":[{"embeddable":true,"href":"https:\/\/komixchemical.com\/es\/wp-json\/wp\/v2\/pages\/746"}],"wp:attachment":[{"href":"https:\/\/komixchemical.com\/es\/wp-json\/wp\/v2\/media?parent=1207"}],"curies":[{"name":"wp","href":"https:\/\/api.w.org\/{rel}","templated":true}]}}